{"id":706,"date":"2024-12-20T10:21:29","date_gmt":"2024-12-20T09:21:29","guid":{"rendered":"https:\/\/www.comercialtorrents.com\/index.php\/inicio\/"},"modified":"2026-04-10T14:32:19","modified_gmt":"2026-04-10T12:32:19","slug":"inicio","status":"publish","type":"page","link":"https:\/\/www.comercialtorrents.com\/en\/","title":{"rendered":"Home"},"content":{"rendered":"\t\t<div data-elementor-type=\"wp-page\" data-elementor-id=\"706\" class=\"elementor elementor-706 elementor-9\" data-elementor-post-type=\"page\">\n\t\t\t\t<div class=\"elementor-element elementor-element-7717833 e-con-full e-flex e-con e-parent\" data-id=\"7717833\" data-element_type=\"container\" data-e-type=\"container\">\n\t\t\t\t<div class=\"elementor-element elementor-element-238432b elementor-widget elementor-widget-html\" data-id=\"238432b\" data-element_type=\"widget\" data-e-type=\"widget\" data-widget_type=\"html.default\">\n\t\t\t\t<div class=\"elementor-widget-container\">\n\t\t\t\t\t<div style=\"position:relative;width:100%;aspect-ratio:21\/9;overflow:hidden;font-size:0;\">\n  <iframe\n   id=\"vimeo-video\"\n    src=\"https:\/\/player.vimeo.com\/video\/1125789632?background=1&autoplay=1&loop=1&muted=1\"\n    frameborder=\"0\"\n    allow=\"autoplay; fullscreen; picture-in-picture\"\n    allowfullscreen\n    style=\"position:absolute;top:0;left:0;width:100%;height:100%;object-fit:cover;\"\n  ><\/iframe>\n  <span class=\"active-sound\" style=\"position:absolute;bottom:40px;right:40px;cursor:pointer;padding:0px;width:50px;height:50px;display:flex;justify-content:center;align-items:center;\">\n    <img decoding=\"async\" style=\"width:100%; height:auto;max-width:100%;\" src=\"https:\/\/www.comercialtorrents.com\/wp-content\/uploads\/2025\/09\/sound-on.png\" \/>\n  <\/span>\n<\/div>\n\n<script src=\"https:\/\/player.vimeo.com\/api\/player.js\"><\/script>\n<script>\n  const iframe = document.getElementById('vimeo-video');\n  const player = new Vimeo.Player(iframe);\n  const soundBtn = document.querySelector('.active-sound');\n\n  let isMuted = true;\n\n  soundBtn.addEventListener('click', () => {\n    if (isMuted) {\n      player.setVolume(1);\n      isMuted = false;\n      soundBtn.innerHTML = '<img decoding=\"async\" style=\"width:100%; height:auto;max-width:100%;\" src=\"https:\/\/www.comercialtorrents.com\/wp-content\/uploads\/2025\/09\/sound-off.png\" \/>';\n    } else {\n      player.setVolume(0);\n      isMuted = true;\n      soundBtn.innerHTML = '<img decoding=\"async\" style=\"width:100%; height:auto;max-width:100%;\" src=\"https:\/\/www.comercialtorrents.com\/wp-content\/uploads\/2025\/09\/sound-on.png\" \/>';\n    }\n  });\n<\/script>\n\t\t\t\t<\/div>\n\t\t\t\t<\/div>\n\t\t\t\t<\/div>\n\t\t<div class=\"elementor-element elementor-element-e2aa502 e-flex e-con-boxed e-con e-parent\" data-id=\"e2aa502\" data-element_type=\"container\" data-e-type=\"container\">\n\t\t\t\t\t<div class=\"e-con-inner\">\n\t\t\t\t<div class=\"elementor-element elementor-element-cdfaaa0 elementor-align-center elementor-widget-mobile__width-inherit elementor-widget elementor-widget-button\" data-id=\"cdfaaa0\" data-element_type=\"widget\" data-e-type=\"widget\" data-widget_type=\"button.default\">\n\t\t\t\t<div class=\"elementor-widget-container\">\n\t\t\t\t\t\t\t\t\t<div class=\"elementor-button-wrapper\">\n\t\t\t\t\t<a class=\"elementor-button elementor-button-link elementor-size-sm\" href=\"https:\/\/www.comercialtorrents.com\/en\/catalogo\/\">\n\t\t\t\t\t\t<span class=\"elementor-button-content-wrapper\">\n\t\t\t\t\t\t\t\t\t<span class=\"elementor-button-text\">DISCOVER OUR CATALOGUE<\/span>\n\t\t\t\t\t<\/span>\n\t\t\t\t\t<\/a>\n\t\t\t\t<\/div>\n\t\t\t\t\t\t\t\t<\/div>\n\t\t\t\t<\/div>\n\t\t\t\t\t<\/div>\n\t\t\t\t<\/div>\n\t\t<div class=\"elementor-element elementor-element-77e7375 e-flex e-con-boxed e-con e-parent\" data-id=\"77e7375\" data-element_type=\"container\" data-e-type=\"container\">\n\t\t\t\t\t<div class=\"e-con-inner\">\n\t\t<div class=\"elementor-element elementor-element-e26ef3f e-con-full e-flex e-con e-child\" data-id=\"e26ef3f\" data-element_type=\"container\" data-e-type=\"container\">\n\t\t\t\t<div class=\"elementor-element elementor-element-f5fb4e3 elementor-align-center elementor-widget elementor-widget-button\" data-id=\"f5fb4e3\" data-element_type=\"widget\" data-e-type=\"widget\" data-widget_type=\"button.default\">\n\t\t\t\t<div class=\"elementor-widget-container\">\n\t\t\t\t\t\t\t\t\t<div class=\"elementor-button-wrapper\">\n\t\t\t\t\t<a class=\"elementor-button elementor-button-link elementor-size-sm\" href=\"#\">\n\t\t\t\t\t\t<span class=\"elementor-button-content-wrapper\">\n\t\t\t\t\t\t\t\t\t<span class=\"elementor-button-text\">fabric bags for projection loads<\/span>\n\t\t\t\t\t<\/span>\n\t\t\t\t\t<\/a>\n\t\t\t\t<\/div>\n\t\t\t\t\t\t\t\t<\/div>\n\t\t\t\t<\/div>\n\t\t\t\t<div class=\"elementor-element elementor-element-52ba023 elementor-widget elementor-widget-text-editor\" data-id=\"52ba023\" data-element_type=\"widget\" data-e-type=\"widget\" data-widget_type=\"text-editor.default\">\n\t\t\t\t<div class=\"elementor-widget-container\">\n\t\t\t\t\t\t\t\t\t<p>One of the main objectives of artillery is to increase range in order to reach more distant targets. Artillery systems consist of a howitzer, projectile and propellant charge, composed of propellant placed in <strong>cloth bags.<\/strong> These bags must be made with <strong>high-quality materials <\/strong>and <strong>advanced technology<\/strong> in order to meet demanding operational requirements.  <\/p>\t\t\t\t\t\t\t\t<\/div>\n\t\t\t\t<\/div>\n\t\t\t\t<div class=\"elementor-element elementor-element-9ae8491 elementor-widget elementor-widget-text-editor\" data-id=\"9ae8491\" data-element_type=\"widget\" data-e-type=\"widget\" data-widget_type=\"text-editor.default\">\n\t\t\t\t<div class=\"elementor-widget-container\">\n\t\t\t\t\t\t\t\t\t<p>At Torrents, we have been industrializing textiles for the Armed Forces and the Defence industry for over four decades, with the utmost <strong>care and precision<\/strong>, to ensure the reliability of our products.<\/p>\t\t\t\t\t\t\t\t<\/div>\n\t\t\t\t<\/div>\n\t\t\t\t<div class=\"elementor-element elementor-element-33d44db elementor-widget elementor-widget-text-editor\" data-id=\"33d44db\" data-element_type=\"widget\" data-e-type=\"widget\" data-widget_type=\"text-editor.default\">\n\t\t\t\t<div class=\"elementor-widget-container\">\n\t\t\t\t\t\t\t\t\t<p>We specialize in the <strong>manufacture of propellant bags for artillery propelling charges<\/strong>, primarily for 105 and 155 mm calibres. Additionally, we develop projectile components that require propellant bags for their functionality.<\/p>\t\t\t\t\t\t\t\t<\/div>\n\t\t\t\t<\/div>\n\t\t\t\t<\/div>\n\t\t\t\t\t<\/div>\n\t\t\t\t<\/div>\n\t\t<div class=\"elementor-element elementor-element-ebb3101 e-flex e-con-boxed e-con e-parent\" data-id=\"ebb3101\" data-element_type=\"container\" data-e-type=\"container\">\n\t\t\t\t\t<div class=\"e-con-inner\">\n\t\t\t\t<div class=\"elementor-element elementor-element-3c443dc elementor-widget elementor-widget-image\" data-id=\"3c443dc\" data-element_type=\"widget\" data-e-type=\"widget\" data-widget_type=\"image.default\">\n\t\t\t\t<div class=\"elementor-widget-container\">\n\t\t\t\t\t\t\t\t\t\t\t\t\t\t\t\t<a href=\"https:\/\/www.comercialtorrents.com\/en\/torrents-defense-support-will-be-attending-eurosatory-2026\/\">\n\t\t\t\t\t\t\t<img fetchpriority=\"high\" decoding=\"async\" width=\"1024\" height=\"390\" src=\"https:\/\/www.comercialtorrents.com\/wp-content\/uploads\/2026\/04\/Hall-5B-Stand-E189_banner-1024x390.png\" class=\"attachment-large size-large wp-image-3066\" alt=\"\" srcset=\"https:\/\/www.comercialtorrents.com\/wp-content\/uploads\/2026\/04\/Hall-5B-Stand-E189_banner-1024x390.png 1024w, https:\/\/www.comercialtorrents.com\/wp-content\/uploads\/2026\/04\/Hall-5B-Stand-E189_banner-768x293.png 768w, https:\/\/www.comercialtorrents.com\/wp-content\/uploads\/2026\/04\/Hall-5B-Stand-E189_banner-1536x585.png 1536w, https:\/\/www.comercialtorrents.com\/wp-content\/uploads\/2026\/04\/Hall-5B-Stand-E189_banner-2048x780.png 2048w\" sizes=\"(max-width: 1024px) 100vw, 1024px\" \/>\t\t\t\t\t\t\t\t<\/a>\n\t\t\t\t\t\t\t\t\t\t\t\t\t\t\t<\/div>\n\t\t\t\t<\/div>\n\t\t\t\t\t<\/div>\n\t\t\t\t<\/div>\n\t\t<div class=\"elementor-element elementor-element-236f00b e-flex e-con-boxed e-con e-parent\" data-id=\"236f00b\" data-element_type=\"container\" data-e-type=\"container\" data-settings=\"{&quot;background_background&quot;:&quot;classic&quot;}\">\n\t\t\t\t\t<div class=\"e-con-inner\">\n\t\t<div class=\"elementor-element elementor-element-3e49932 e-con-full e-flex e-con e-child\" data-id=\"3e49932\" data-element_type=\"container\" data-e-type=\"container\">\n\t\t\t\t<div class=\"elementor-element elementor-element-747d683 elementor-widget-divider--view-line elementor-widget elementor-widget-divider\" data-id=\"747d683\" data-element_type=\"widget\" data-e-type=\"widget\" data-widget_type=\"divider.default\">\n\t\t\t\t<div class=\"elementor-widget-container\">\n\t\t\t\t\t\t\t<div class=\"elementor-divider\">\n\t\t\t<span class=\"elementor-divider-separator\">\n\t\t\t\t\t\t<\/span>\n\t\t<\/div>\n\t\t\t\t\t\t<\/div>\n\t\t\t\t<\/div>\n\t\t\t\t<div class=\"elementor-element elementor-element-77fab8d elementor-widget elementor-widget-heading\" data-id=\"77fab8d\" data-element_type=\"widget\" data-e-type=\"widget\" data-widget_type=\"heading.default\">\n\t\t\t\t<div class=\"elementor-widget-container\">\n\t\t\t\t\t<h2 class=\"elementor-heading-title elementor-size-default\">textiles for the Armed Forces and the Defence industry<\/h2>\t\t\t\t<\/div>\n\t\t\t\t<\/div>\n\t\t\t\t<div class=\"elementor-element elementor-element-56e86a3 elementor-widget elementor-widget-text-editor\" data-id=\"56e86a3\" data-element_type=\"widget\" data-e-type=\"widget\" data-widget_type=\"text-editor.default\">\n\t\t\t\t<div class=\"elementor-widget-container\">\n\t\t\t\t\t\t\t\t\t<p>Our <strong>cloth bags<\/strong> are manufactured to the highest quality standards in our own facilities, located in the region of Los V\u00e9lez (Almer\u00eda).<\/p>\t\t\t\t\t\t\t\t<\/div>\n\t\t\t\t<\/div>\n\t\t\t\t<div class=\"elementor-element elementor-element-706cf7d elementor-widget elementor-widget-text-editor\" data-id=\"706cf7d\" data-element_type=\"widget\" data-e-type=\"widget\" data-widget_type=\"text-editor.default\">\n\t\t\t\t<div class=\"elementor-widget-container\">\n\t\t\t\t\t\t\t\t\t<p>We have advanced machinery and specialised staff to ensure <strong>on-time execution<\/strong> while meeting the <strong>most demanding quality standards<\/strong>.<\/p>\t\t\t\t\t\t\t\t<\/div>\n\t\t\t\t<\/div>\n\t\t\t\t<\/div>\n\t\t<div class=\"elementor-element elementor-element-605f0fc e-con-full e-flex e-con e-child\" data-id=\"605f0fc\" data-element_type=\"container\" data-e-type=\"container\">\n\t\t<div class=\"elementor-element elementor-element-b16ef5d e-con-full e-flex e-con e-child\" data-id=\"b16ef5d\" data-element_type=\"container\" data-e-type=\"container\" data-settings=\"{&quot;background_background&quot;:&quot;classic&quot;}\">\n\t\t\t\t<\/div>\n\t\t<div class=\"elementor-element elementor-element-1255a3b e-con-full e-flex e-con e-child\" data-id=\"1255a3b\" data-element_type=\"container\" data-e-type=\"container\">\n\t\t\t\t<div class=\"elementor-element elementor-element-f85023a elementor-position-inline-start elementor-mobile-position-inline-start elementor-widget__width-initial elementor-view-default elementor-widget elementor-widget-icon-box\" data-id=\"f85023a\" data-element_type=\"widget\" data-e-type=\"widget\" data-widget_type=\"icon-box.default\">\n\t\t\t\t<div class=\"elementor-widget-container\">\n\t\t\t\t\t\t\t<div class=\"elementor-icon-box-wrapper\">\n\n\t\t\t\t\t\t<div class=\"elementor-icon-box-icon\">\n\t\t\t\t<span  class=\"elementor-icon\">\n\t\t\t\t<svg xmlns=\"http:\/\/www.w3.org\/2000\/svg\" width=\"11\" height=\"14\" viewBox=\"0 0 11 14\" fill=\"none\"><path d=\"M11 7L0.5 13.0622L0.500001 0.937822L11 7Z\" fill=\"#E20E18\"><\/path><\/svg>\t\t\t\t<\/span>\n\t\t\t<\/div>\n\t\t\t\n\t\t\t\t\t\t<div class=\"elementor-icon-box-content\">\n\n\t\t\t\t\n\t\t\t\t\t\t\t\t\t<p class=\"elementor-icon-box-description\">\n\t\t\t\t\t\tWe manufacture cloth bags for a wide range of zone charges, meeting the tactical requirements of artillery systems.\t\t\t\t\t<\/p>\n\t\t\t\t\n\t\t\t<\/div>\n\t\t\t\n\t\t<\/div>\n\t\t\t\t\t\t<\/div>\n\t\t\t\t<\/div>\n\t\t\t\t<div class=\"elementor-element elementor-element-425524f elementor-position-inline-start elementor-mobile-position-inline-start elementor-widget__width-initial elementor-view-default elementor-widget elementor-widget-icon-box\" data-id=\"425524f\" data-element_type=\"widget\" data-e-type=\"widget\" data-widget_type=\"icon-box.default\">\n\t\t\t\t<div class=\"elementor-widget-container\">\n\t\t\t\t\t\t\t<div class=\"elementor-icon-box-wrapper\">\n\n\t\t\t\t\t\t<div class=\"elementor-icon-box-icon\">\n\t\t\t\t<span  class=\"elementor-icon\">\n\t\t\t\t<svg xmlns=\"http:\/\/www.w3.org\/2000\/svg\" width=\"11\" height=\"14\" viewBox=\"0 0 11 14\" fill=\"none\"><path d=\"M11 7L0.5 13.0622L0.500001 0.937822L11 7Z\" fill=\"#E20E18\"><\/path><\/svg>\t\t\t\t<\/span>\n\t\t\t<\/div>\n\t\t\t\n\t\t\t\t\t\t<div class=\"elementor-icon-box-content\">\n\n\t\t\t\t\n\t\t\t\t\t\t\t\t\t<p class=\"elementor-icon-box-description\">\n\t\t\t\t\t\tWe specialise in the production of textile components for propelling charges used in 105 mm and 155 mm howitzers (M3A1, M4A2, M119A2, M203, M200A3, M67, GTB-350, GTB-360).\t\t\t\t\t<\/p>\n\t\t\t\t\n\t\t\t<\/div>\n\t\t\t\n\t\t<\/div>\n\t\t\t\t\t\t<\/div>\n\t\t\t\t<\/div>\n\t\t\t\t<div class=\"elementor-element elementor-element-d46487a elementor-position-inline-start elementor-mobile-position-inline-start elementor-widget__width-initial elementor-view-default elementor-widget elementor-widget-icon-box\" data-id=\"d46487a\" data-element_type=\"widget\" data-e-type=\"widget\" data-widget_type=\"icon-box.default\">\n\t\t\t\t<div class=\"elementor-widget-container\">\n\t\t\t\t\t\t\t<div class=\"elementor-icon-box-wrapper\">\n\n\t\t\t\t\t\t<div class=\"elementor-icon-box-icon\">\n\t\t\t\t<span  class=\"elementor-icon\">\n\t\t\t\t<svg xmlns=\"http:\/\/www.w3.org\/2000\/svg\" width=\"11\" height=\"14\" viewBox=\"0 0 11 14\" fill=\"none\"><path d=\"M11 7L0.5 13.0622L0.500001 0.937822L11 7Z\" fill=\"#E20E18\"><\/path><\/svg>\t\t\t\t<\/span>\n\t\t\t<\/div>\n\t\t\t\n\t\t\t\t\t\t<div class=\"elementor-icon-box-content\">\n\n\t\t\t\t\n\t\t\t\t\t\t\t\t\t<p class=\"elementor-icon-box-description\">\n\t\t\t\t\t\tWe deliver cloth bags ready to be filled with propellant.\t\t\t\t\t<\/p>\n\t\t\t\t\n\t\t\t<\/div>\n\t\t\t\n\t\t<\/div>\n\t\t\t\t\t\t<\/div>\n\t\t\t\t<\/div>\n\t\t\t\t<\/div>\n\t\t\t\t<\/div>\n\t\t\t\t<div class=\"elementor-element elementor-element-44c04c0 elementor-align-center elementor-mobile-align-justify elementor-widget elementor-widget-button\" data-id=\"44c04c0\" data-element_type=\"widget\" data-e-type=\"widget\" data-widget_type=\"button.default\">\n\t\t\t\t<div class=\"elementor-widget-container\">\n\t\t\t\t\t\t\t\t\t<div class=\"elementor-button-wrapper\">\n\t\t\t\t\t<a class=\"elementor-button elementor-button-link elementor-size-sm\" href=\"https:\/\/www.comercialtorrents.com\/en\/catalogo\/\">\n\t\t\t\t\t\t<span class=\"elementor-button-content-wrapper\">\n\t\t\t\t\t\t\t\t\t<span class=\"elementor-button-text\">VISIT OUR CATALOGUE<\/span>\n\t\t\t\t\t<\/span>\n\t\t\t\t\t<\/a>\n\t\t\t\t<\/div>\n\t\t\t\t\t\t\t\t<\/div>\n\t\t\t\t<\/div>\n\t\t\t\t\t<\/div>\n\t\t\t\t<\/div>\n\t\t<div class=\"elementor-element elementor-element-525eb31 e-flex e-con-boxed e-con e-parent\" data-id=\"525eb31\" data-element_type=\"container\" data-e-type=\"container\" data-settings=\"{&quot;background_background&quot;:&quot;classic&quot;}\">\n\t\t\t\t\t<div class=\"e-con-inner\">\n\t\t<div class=\"elementor-element elementor-element-ceffb33 e-con-full e-flex e-con e-child\" data-id=\"ceffb33\" data-element_type=\"container\" data-e-type=\"container\">\n\t\t\t\t<div class=\"elementor-element elementor-element-e2dc2bd elementor-widget elementor-widget-text-editor\" data-id=\"e2dc2bd\" data-element_type=\"widget\" data-e-type=\"widget\" data-widget_type=\"text-editor.default\">\n\t\t\t\t<div class=\"elementor-widget-container\">\n\t\t\t\t\t\t\t\t\t<p>We provide services to ammunition and explosives companies,<br \/>as well as to the armed forces of various countries around the world.<\/p>\t\t\t\t\t\t\t\t<\/div>\n\t\t\t\t<\/div>\n\t\t\t\t<div class=\"elementor-element elementor-element-fdae7e2 elementor-align-center elementor-widget elementor-widget-button\" data-id=\"fdae7e2\" data-element_type=\"widget\" data-e-type=\"widget\" data-widget_type=\"button.default\">\n\t\t\t\t<div class=\"elementor-widget-container\">\n\t\t\t\t\t\t\t\t\t<div class=\"elementor-button-wrapper\">\n\t\t\t\t\t<a class=\"elementor-button elementor-button-link elementor-size-sm\" href=\"https:\/\/www.comercialtorrents.com\/en\/nosotros\/\">\n\t\t\t\t\t\t<span class=\"elementor-button-content-wrapper\">\n\t\t\t\t\t\t\t\t\t<span class=\"elementor-button-text\">Learn about Torrents Defense Support<\/span>\n\t\t\t\t\t<\/span>\n\t\t\t\t\t<\/a>\n\t\t\t\t<\/div>\n\t\t\t\t\t\t\t\t<\/div>\n\t\t\t\t<\/div>\n\t\t\t\t<\/div>\n\t\t\t\t\t<\/div>\n\t\t\t\t<\/div>\n\t\t\t\t<\/div>\n\t\t","protected":false},"excerpt":{"rendered":"<p>DISCOVER OUR CATALOGUE fabric bags for projection loads One of the main objectives of artillery is to increase range in order to reach more distant targets. Artillery systems consist of a howitzer, projectile and propellant charge, composed of propellant placed in cloth bags. These bags must be made with high-quality materials and advanced technology in [&hellip;]<\/p>\n","protected":false},"author":1,"featured_media":0,"parent":0,"menu_order":0,"comment_status":"closed","ping_status":"closed","template":"","meta":{"_acf_changed":false,"footnotes":""},"class_list":["post-706","page","type-page","status-publish","hentry"],"acf":[],"yoast_head":"<!-- This site is optimized with the Yoast SEO plugin v27.3 - https:\/\/yoast.com\/product\/yoast-seo-wordpress\/ -->\n<title>Fabric bags for projection charges - Torrents Defense Support<\/title>\n<meta name=\"description\" content=\"Design, development, and manufacture of fabric bags for artillery projectile loads.\" \/>\n<meta name=\"robots\" content=\"index, follow, max-snippet:-1, max-image-preview:large, max-video-preview:-1\" \/>\n<link rel=\"canonical\" href=\"https:\/\/www.comercialtorrents.com\/en\/\" \/>\n<meta property=\"og:locale\" content=\"en_US\" \/>\n<meta property=\"og:type\" content=\"article\" \/>\n<meta property=\"og:title\" content=\"Fabric bags for projection charges - Torrents Defense Support\" \/>\n<meta property=\"og:description\" content=\"Design, development, and manufacture of fabric bags for artillery projectile loads.\" \/>\n<meta property=\"og:url\" content=\"https:\/\/www.comercialtorrents.com\/en\/\" \/>\n<meta property=\"og:site_name\" content=\"Torrents Defense Support\" \/>\n<meta property=\"article:modified_time\" content=\"2026-04-10T12:32:19+00:00\" \/>\n<meta property=\"og:image\" content=\"https:\/\/www.comercialtorrents.com\/wp-content\/uploads\/2025\/09\/sound-on.png\" \/>\n<meta name=\"twitter:card\" content=\"summary_large_image\" \/>\n<meta name=\"twitter:label1\" content=\"Est. reading time\" \/>\n\t<meta name=\"twitter:data1\" content=\"2 minutes\" \/>\n<script type=\"application\/ld+json\" class=\"yoast-schema-graph\">{\"@context\":\"https:\\\/\\\/schema.org\",\"@graph\":[{\"@type\":\"WebPage\",\"@id\":\"https:\\\/\\\/www.comercialtorrents.com\\\/en\\\/\",\"url\":\"https:\\\/\\\/www.comercialtorrents.com\\\/en\\\/\",\"name\":\"Fabric bags for projection charges - Torrents Defense Support\",\"isPartOf\":{\"@id\":\"https:\\\/\\\/www.comercialtorrents.com\\\/en\\\/#website\"},\"primaryImageOfPage\":{\"@id\":\"https:\\\/\\\/www.comercialtorrents.com\\\/en\\\/#primaryimage\"},\"image\":{\"@id\":\"https:\\\/\\\/www.comercialtorrents.com\\\/en\\\/#primaryimage\"},\"thumbnailUrl\":\"https:\\\/\\\/www.comercialtorrents.com\\\/wp-content\\\/uploads\\\/2025\\\/09\\\/sound-on.png\",\"datePublished\":\"2024-12-20T09:21:29+00:00\",\"dateModified\":\"2026-04-10T12:32:19+00:00\",\"description\":\"Design, development, and manufacture of fabric bags for artillery projectile loads.\",\"breadcrumb\":{\"@id\":\"https:\\\/\\\/www.comercialtorrents.com\\\/en\\\/#breadcrumb\"},\"inLanguage\":\"en-US\",\"potentialAction\":[{\"@type\":\"ReadAction\",\"target\":[\"https:\\\/\\\/www.comercialtorrents.com\\\/en\\\/\"]}]},{\"@type\":\"ImageObject\",\"inLanguage\":\"en-US\",\"@id\":\"https:\\\/\\\/www.comercialtorrents.com\\\/en\\\/#primaryimage\",\"url\":\"https:\\\/\\\/www.comercialtorrents.com\\\/wp-content\\\/uploads\\\/2025\\\/09\\\/sound-on.png\",\"contentUrl\":\"https:\\\/\\\/www.comercialtorrents.com\\\/wp-content\\\/uploads\\\/2025\\\/09\\\/sound-on.png\"},{\"@type\":\"BreadcrumbList\",\"@id\":\"https:\\\/\\\/www.comercialtorrents.com\\\/en\\\/#breadcrumb\",\"itemListElement\":[{\"@type\":\"ListItem\",\"position\":1,\"name\":\"Portada\",\"item\":\"https:\\\/\\\/www.comercialtorrents.com\\\/en\\\/\"},{\"@type\":\"ListItem\",\"position\":2,\"name\":\"Home\"}]},{\"@type\":\"WebSite\",\"@id\":\"https:\\\/\\\/www.comercialtorrents.com\\\/en\\\/#website\",\"url\":\"https:\\\/\\\/www.comercialtorrents.com\\\/en\\\/\",\"name\":\"Torrents Defense Support\",\"description\":\"Dise\u00f1o, desarrollo y fabricaci\u00f3n de saquetes de tela para cargas de proyecci\u00f3n de artiller\u00eda\",\"publisher\":{\"@id\":\"https:\\\/\\\/www.comercialtorrents.com\\\/en\\\/#organization\"},\"potentialAction\":[{\"@type\":\"SearchAction\",\"target\":{\"@type\":\"EntryPoint\",\"urlTemplate\":\"https:\\\/\\\/www.comercialtorrents.com\\\/en\\\/?s={search_term_string}\"},\"query-input\":{\"@type\":\"PropertyValueSpecification\",\"valueRequired\":true,\"valueName\":\"search_term_string\"}}],\"inLanguage\":\"en-US\"},{\"@type\":\"Organization\",\"@id\":\"https:\\\/\\\/www.comercialtorrents.com\\\/en\\\/#organization\",\"name\":\"Torrents Defense Support\",\"url\":\"https:\\\/\\\/www.comercialtorrents.com\\\/en\\\/\",\"logo\":{\"@type\":\"ImageObject\",\"inLanguage\":\"en-US\",\"@id\":\"https:\\\/\\\/www.comercialtorrents.com\\\/en\\\/#\\\/schema\\\/logo\\\/image\\\/\",\"url\":\"https:\\\/\\\/www.comercialtorrents.com\\\/wp-content\\\/uploads\\\/2024\\\/12\\\/Logo-1.svg\",\"contentUrl\":\"https:\\\/\\\/www.comercialtorrents.com\\\/wp-content\\\/uploads\\\/2024\\\/12\\\/Logo-1.svg\",\"width\":481,\"height\":125,\"caption\":\"Torrents Defense Support\"},\"image\":{\"@id\":\"https:\\\/\\\/www.comercialtorrents.com\\\/en\\\/#\\\/schema\\\/logo\\\/image\\\/\"}}]}<\/script>\n<!-- \/ Yoast SEO plugin. -->","yoast_head_json":{"title":"Fabric bags for projection charges - Torrents Defense Support","description":"Design, development, and manufacture of fabric bags for artillery projectile loads.","robots":{"index":"index","follow":"follow","max-snippet":"max-snippet:-1","max-image-preview":"max-image-preview:large","max-video-preview":"max-video-preview:-1"},"canonical":"https:\/\/www.comercialtorrents.com\/en\/","og_locale":"en_US","og_type":"article","og_title":"Fabric bags for projection charges - Torrents Defense Support","og_description":"Design, development, and manufacture of fabric bags for artillery projectile loads.","og_url":"https:\/\/www.comercialtorrents.com\/en\/","og_site_name":"Torrents Defense Support","article_modified_time":"2026-04-10T12:32:19+00:00","og_image":[{"url":"https:\/\/www.comercialtorrents.com\/wp-content\/uploads\/2025\/09\/sound-on.png","type":"","width":"","height":""}],"twitter_card":"summary_large_image","twitter_misc":{"Est. reading time":"2 minutes"},"schema":{"@context":"https:\/\/schema.org","@graph":[{"@type":"WebPage","@id":"https:\/\/www.comercialtorrents.com\/en\/","url":"https:\/\/www.comercialtorrents.com\/en\/","name":"Fabric bags for projection charges - Torrents Defense Support","isPartOf":{"@id":"https:\/\/www.comercialtorrents.com\/en\/#website"},"primaryImageOfPage":{"@id":"https:\/\/www.comercialtorrents.com\/en\/#primaryimage"},"image":{"@id":"https:\/\/www.comercialtorrents.com\/en\/#primaryimage"},"thumbnailUrl":"https:\/\/www.comercialtorrents.com\/wp-content\/uploads\/2025\/09\/sound-on.png","datePublished":"2024-12-20T09:21:29+00:00","dateModified":"2026-04-10T12:32:19+00:00","description":"Design, development, and manufacture of fabric bags for artillery projectile loads.","breadcrumb":{"@id":"https:\/\/www.comercialtorrents.com\/en\/#breadcrumb"},"inLanguage":"en-US","potentialAction":[{"@type":"ReadAction","target":["https:\/\/www.comercialtorrents.com\/en\/"]}]},{"@type":"ImageObject","inLanguage":"en-US","@id":"https:\/\/www.comercialtorrents.com\/en\/#primaryimage","url":"https:\/\/www.comercialtorrents.com\/wp-content\/uploads\/2025\/09\/sound-on.png","contentUrl":"https:\/\/www.comercialtorrents.com\/wp-content\/uploads\/2025\/09\/sound-on.png"},{"@type":"BreadcrumbList","@id":"https:\/\/www.comercialtorrents.com\/en\/#breadcrumb","itemListElement":[{"@type":"ListItem","position":1,"name":"Portada","item":"https:\/\/www.comercialtorrents.com\/en\/"},{"@type":"ListItem","position":2,"name":"Home"}]},{"@type":"WebSite","@id":"https:\/\/www.comercialtorrents.com\/en\/#website","url":"https:\/\/www.comercialtorrents.com\/en\/","name":"Torrents Defense Support","description":"Dise\u00f1o, desarrollo y fabricaci\u00f3n de saquetes de tela para cargas de proyecci\u00f3n de artiller\u00eda","publisher":{"@id":"https:\/\/www.comercialtorrents.com\/en\/#organization"},"potentialAction":[{"@type":"SearchAction","target":{"@type":"EntryPoint","urlTemplate":"https:\/\/www.comercialtorrents.com\/en\/?s={search_term_string}"},"query-input":{"@type":"PropertyValueSpecification","valueRequired":true,"valueName":"search_term_string"}}],"inLanguage":"en-US"},{"@type":"Organization","@id":"https:\/\/www.comercialtorrents.com\/en\/#organization","name":"Torrents Defense Support","url":"https:\/\/www.comercialtorrents.com\/en\/","logo":{"@type":"ImageObject","inLanguage":"en-US","@id":"https:\/\/www.comercialtorrents.com\/en\/#\/schema\/logo\/image\/","url":"https:\/\/www.comercialtorrents.com\/wp-content\/uploads\/2024\/12\/Logo-1.svg","contentUrl":"https:\/\/www.comercialtorrents.com\/wp-content\/uploads\/2024\/12\/Logo-1.svg","width":481,"height":125,"caption":"Torrents Defense Support"},"image":{"@id":"https:\/\/www.comercialtorrents.com\/en\/#\/schema\/logo\/image\/"}}]}},"_links":{"self":[{"href":"https:\/\/www.comercialtorrents.com\/en\/wp-json\/wp\/v2\/pages\/706","targetHints":{"allow":["GET"]}}],"collection":[{"href":"https:\/\/www.comercialtorrents.com\/en\/wp-json\/wp\/v2\/pages"}],"about":[{"href":"https:\/\/www.comercialtorrents.com\/en\/wp-json\/wp\/v2\/types\/page"}],"author":[{"embeddable":true,"href":"https:\/\/www.comercialtorrents.com\/en\/wp-json\/wp\/v2\/users\/1"}],"replies":[{"embeddable":true,"href":"https:\/\/www.comercialtorrents.com\/en\/wp-json\/wp\/v2\/comments?post=706"}],"version-history":[{"count":8,"href":"https:\/\/www.comercialtorrents.com\/en\/wp-json\/wp\/v2\/pages\/706\/revisions"}],"predecessor-version":[{"id":3087,"href":"https:\/\/www.comercialtorrents.com\/en\/wp-json\/wp\/v2\/pages\/706\/revisions\/3087"}],"wp:attachment":[{"href":"https:\/\/www.comercialtorrents.com\/en\/wp-json\/wp\/v2\/media?parent=706"}],"curies":[{"name":"wp","href":"https:\/\/api.w.org\/{rel}","templated":true}]}}