{"id":688,"date":"2024-12-29T17:53:37","date_gmt":"2024-12-29T16:53:37","guid":{"rendered":"https:\/\/www.comercialtorrents.com\/index.php\/politica-de-cookies\/"},"modified":"2025-01-15T16:31:21","modified_gmt":"2025-01-15T15:31:21","slug":"politica-de-cookies","status":"publish","type":"page","link":"https:\/\/www.comercialtorrents.com\/en\/politica-de-cookies\/","title":{"rendered":"Pol\u00edtica de cookies"},"content":{"rendered":"\t\t<div data-elementor-type=\"wp-page\" data-elementor-id=\"688\" class=\"elementor elementor-688 elementor-554\" data-elementor-post-type=\"page\">\n\t\t\t\t<div class=\"elementor-element elementor-element-218bc7c e-flex e-con-boxed e-con e-parent\" data-id=\"218bc7c\" data-element_type=\"container\" data-e-type=\"container\">\n\t\t\t\t\t<div class=\"e-con-inner\">\n\t\t\t\t<div class=\"elementor-element elementor-element-2b6f57d elementor-widget elementor-widget-text-editor\" data-id=\"2b6f57d\" data-element_type=\"widget\" data-e-type=\"widget\" data-widget_type=\"text-editor.default\">\n\t\t\t\t<div class=\"elementor-widget-container\">\n\t\t\t\t\t\t\t\t\t<p>INFORMACI\u00d3N SOBRE COOKIES<\/p><p>Conforme con la Ley 34\/2002, de 11 de julio, de servicios de la sociedad de la informaci\u00f3n y de comercio electr\u00f3nico<br \/>(LSSI), en relaci\u00f3n con el Reglamento (UE) 2016\/679 del Parlamento Europeo y del Consejo, de 27 de abril de 2016,<br \/>General de Protecci\u00f3n de Datos (GDPR) y la Ley Org\u00e1nica 3\/2018, de 5 de diciembre, de Protecci\u00f3n de Datos y Garant\u00eda de<br \/>los Derechos Digitales (LOPDGDD), es obligado obtener el consentimiento expreso del usuario de todas las p\u00e1ginas web que<br \/>usan cookies prescindibles, antes de que este navegue por ellas.<\/p><p>\u00bfQU\u00c9 SON LAS COOKIES?<\/p><p>Las cookies y otras tecnolog\u00edas similares tales como local shared objects, flashcookies o p\u00edxeles, son herramientas<br \/>empleadas por los servidores Web para almacenar y recuperar informaci\u00f3n acerca de sus visitantes, as\u00ed como para ofrecer<br \/>un correcto funcionamiento del sitio.<\/p><p>Mediante el uso de estos dispositivos se permite al servidor Web recordar algunos datos concernientes al usuario, como<br \/>sus preferencias para la visualizaci\u00f3n de las p\u00e1ginas de ese servidor, nombre y contrase\u00f1a, productos que m\u00e1s le<br \/>interesan, etc.<\/p><p>COOKIES AFECTADAS POR LA NORMATIVA Y COOKIES EXCEPTUADAS<\/p><p>Seg\u00fan la directiva de la UE, las cookies que requieren el consentimiento informado por parte del usuario son las cookies<br \/>de anal\u00edtica y las de publicidad y afiliaci\u00f3n, quedando exceptuadas las de car\u00e1cter t\u00e9cnico y las necesarias para el<br \/>funcionamiento del sitio web o la prestaci\u00f3n de servicios expresamente solicitados por el usuario.<\/p><p>TIPOS DE COOKIES<\/p><p>SEG\u00daN LA FINALIDAD<\/p><p>Cookies t\u00e9cnicas y funcionales: son aquellas que permiten al usuario la navegaci\u00f3n a trav\u00e9s de una p\u00e1gina web,<br \/>plataforma o aplicaci\u00f3n y la utilizaci\u00f3n de las diferentes opciones o servicios que en ella existan.<br \/>Cookies anal\u00edticas: son aquellas que permiten al responsable de las mismas el seguimiento y an\u00e1lisis del comportamiento<br \/>de los usuarios de los sitios web a los que est\u00e1n vinculadas. La informaci\u00f3n recogida mediante este tipo de cookies se<br \/>utiliza en la medici\u00f3n de la actividad de los sitios web, aplicaci\u00f3n o plataforma y para la elaboraci\u00f3n de perfiles de<br \/>navegaci\u00f3n de los usuarios de dichos sitios, aplicaciones y plataformas, con el fin de introducir mejoras en funci\u00f3n del<br \/>an\u00e1lisis de los datos de uso que hacen los usuarios del servicio.<\/p><p>Cookies publicitarias: son aquellas que permiten la gesti\u00f3n, de la forma m\u00e1s eficaz posible, de los espacios<br \/>publicitarios que, en su caso, el editor haya incluido en una p\u00e1gina web, aplicaci\u00f3n o plataforma desde la que presta el<br \/>servicio solicitado en base a criterios como el contenido editado o la frecuencia en la que se muestran los anuncios.<\/p><p>Cookies de publicidad comportamental: recogen informaci\u00f3n sobre las preferencias y elecciones personales del usuario<br \/>(retargeting) para permitir la gesti\u00f3n, de la forma m\u00e1s eficaz posible, de los espacios publicitarios que, en su caso,<br \/>el editor haya incluido en una p\u00e1gina web, aplicaci\u00f3n o plataforma desde la que presta el servicio solicitado.<\/p><p>Cookies sociales: son establecidas por las plataformas de redes sociales en los servicios para permitirle compartir<br \/>contenido con sus amigos y redes. Las plataformas de medios sociales tienen la capacidad de rastrear su actividad en<br \/>l\u00ednea fuera de los Servicios. Esto puede afectar al contenido y los mensajes que ve en otros servicios que visita.<br \/>Cookies de afiliados: permiten hacer un seguimiento de las visitas procedentes de otras webs, con las que el sitio web<br \/>establece un contrato de afiliaci\u00f3n (empresas de afiliaci\u00f3n).<\/p><p>Cookies de seguridad: almacenan informaci\u00f3n cifrada para evitar que los datos guardados en ellas sean vulnerables a<br \/>ataques maliciosos de terceros.<\/p><p>SEG\u00daN LA PROPIEDAD<\/p><p>Cookies propias: son aquellas que se env\u00edan al equipo terminal del usuario desde un equipo o dominio gestionado por el<br \/>propio editor y desde el que se presta el servicio solicitado por el usuario.<br \/>Cookies de terceros: son aquellas que se env\u00edan al equipo terminal del usuario desde un equipo o dominio que no es<br \/>gestionado por el editor, sino por otra entidad que trata los datos obtenidos trav\u00e9s de las cookies.<\/p><p>SEG\u00daN EL PLAZO DE CONSERVACI\u00d3N<\/p><p>Cookies de sesi\u00f3n: son un tipo de cookies dise\u00f1adas para recabar y almacenar datos mientras el usuario accede a una<br \/>p\u00e1gina web.<br \/>Cookies persistentes: son un tipo de cookies en el que los datos siguen almacenados en el terminal y pueden ser<br \/>accedidos y tratados durante un per\u00edodo definido por el responsable de la cookie, y que puede ir de unos minutos a<br \/>varios a\u00f1os.<\/p><p>TRATAMIENTO DE DATOS PERSONALES<\/p><p>COMERCIAL TORRENTS S.L. es el Responsable del tratamiento de los datos personales del Interesado y le informa de que<br \/>estos datos ser\u00e1n tratados de conformidad con lo dispuesto en el Reglamento (UE) 2016\/679, de 27 de abril de 2016<br \/>(GDPR), por lo que se le facilita la siguiente informaci\u00f3n del tratamiento:<\/p><p>Fines del tratamiento: seg\u00fan se especifica en el apartado de cookies que se utilizan en este sitio web. Legitimaci\u00f3n del<br \/>tratamiento: salvo en los casos en los que resulte necesario para la navegaci\u00f3n por la web, por consentimiento del<br \/>interesado (art. 6.1.a GDPR).<br \/>Criterios de conservaci\u00f3n de los datos: seg\u00fan se especifica en el apartado de cookies utilizadas en la web.<\/p><p>Comunicaci\u00f3n de los datos: no se comunicar\u00e1n los datos a terceros, excepto en cookies propiedad de terceros o por<br \/>obligaci\u00f3n legal.<\/p><p>Derechos que asisten al Interesado:<\/p><p>&#8211; Derecho a retirar el consentimiento en cualquier momento.<br \/>&#8211; Derecho de acceso, rectificaci\u00f3n, portabilidad y supresi\u00f3n de sus datos, y de limitaci\u00f3n u oposici\u00f3n a su tratamiento.<br \/>&#8211; Derecho a presentar una reclamaci\u00f3n ante la Autoridad de control (www.aepd.es) si considera que el tratamiento no se<br \/>ajusta a la normativa vigente.<\/p><p>Datos de contacto para ejercer sus derechos:<\/p><p>COMERCIAL TORRENTS S.L.. C\/SAN PEDRO, 3 &#8211; 04820 V\u00c9LEZ RUBIO (Almer\u00eda). E-mail: isabel@comercialtorrents.es<\/p><p>COOKIES UTILIZADAS EN ESTE SITIO WEB<\/p><p>COOKIES CONTROLADAS POR EL EDITOR<\/p><table><tbody><tr><td colspan=\"4\" rowspan=\"1\"><div class=\"layoutArea\"><div class=\"column\"><p>T\u00e9cnicas y funcionales<\/p><\/div><\/div><\/td><\/tr><tr><td><div class=\"layoutArea\"><div class=\"column\"><p>Propiedad<\/p><\/div><\/div><\/td><td><div class=\"layoutArea\"><div class=\"column\"><p>Cookie<\/p><\/div><\/div><\/td><td><div class=\"layoutArea\"><div class=\"column\"><p>Finalidad<\/p><\/div><\/div><\/td><td><div class=\"layoutArea\"><div class=\"column\"><p>Plazo<\/p><\/div><\/div><\/td><\/tr><tr><td><div class=\"layoutArea\"><div class=\"column\"><p>comercialtorrents.com<\/p><\/div><\/div><\/td><td><div class=\"layoutArea\"><div class=\"column\"><p>_ga_MQYEKHNTS 5<\/p><\/div><\/div><\/td><td><div class=\"layoutArea\"><div class=\"column\"><p>Cookie necesaria para la utilizaci\u00f3n de las opciones y servicios del sitio web<\/p><\/div><\/div><\/td><td><div class=\"layoutArea\"><div class=\"column\"><p>en un a\u00f1o<\/p><\/div><\/div><\/td><\/tr><tr><td><div class=\"layoutArea\"><div class=\"column\"><p>comercialtorrents.com<\/p><\/div><\/div><\/td><td><div class=\"layoutArea\"><div class=\"column\"><p>pll_language<\/p><\/div><\/div><\/td><td><div class=\"layoutArea\"><div class=\"column\"><p>Cookie necesaria para la utilizaci\u00f3n de las opciones y servicios del sitio web<\/p><\/div><\/div><\/td><td><div class=\"layoutArea\"><div class=\"column\"><p>en un a\u00f1o<\/p><\/div><\/div><\/td><\/tr><tr><td><div class=\"layoutArea\"><div class=\"column\"><p>region1.google- analytics.com<\/p><\/div><\/div><\/td><td><div class=\"layoutArea\"><div class=\"column\"><p>ar_debug<\/p><\/div><\/div><\/td><td><div class=\"layoutArea\"><div class=\"column\"><p>Cookie necesaria para la utilizaci\u00f3n de las opciones y servicios del sitio web<\/p><\/div><\/div><\/td><td><div class=\"layoutArea\"><div class=\"column\"><p>en 3 meses<\/p><\/div><\/div><\/td><\/tr><\/tbody><\/table><table><tbody><tr><td colspan=\"4\" rowspan=\"1\"><div class=\"layoutArea\"><div class=\"column\"><p>Anal\u00edticas<\/p><\/div><\/div><\/td><\/tr><tr><td><div class=\"layoutArea\"><div class=\"column\"><p>Propiedad<\/p><\/div><\/div><\/td><td><div class=\"layoutArea\"><div class=\"column\"><p>Cookie<\/p><\/div><\/div><\/td><td><div class=\"layoutArea\"><div class=\"column\"><p>Finalidad<\/p><\/div><\/div><\/td><td><div class=\"layoutArea\"><div class=\"column\"><p>Plazo<\/p><\/div><\/div><\/td><\/tr><tr><td><div class=\"layoutArea\"><div class=\"column\"><p>Google Analytics<\/p><\/div><\/div><\/td><td><div class=\"layoutArea\"><div class=\"column\"><p>_ga<\/p><\/div><\/div><\/td><td><div class=\"layoutArea\"><div class=\"column\"><p>ID utiliza para identificar a los usuarios<\/p><\/div><\/div><\/td><td><div class=\"layoutArea\"><div class=\"column\"><p>en un a\u00f1o<\/p><\/div><\/div><\/td><\/tr><\/tbody><\/table><div class=\"layoutArea\"><div class=\"column\"><p>COOKIES DE TERCEROS<\/p><p>Los servicios de terceros son ajenos al control del editor. Los proveedores pueden modificar en todo momento sus<br \/>condiciones de servicio, finalidad y utilizaci\u00f3n de las cookies, etc.<\/p><p>Proveedores externos de este sitio web:<\/p><p>Desde este panel podr\u00e1 configurar las cookies que el sitio web puede instalar en su navegador, excepto las cookies<br \/>t\u00e9cnicas o funcionales que son necesarias para la navegaci\u00f3n y la utilizaci\u00f3n de las diferentes opciones o servicios<br \/>que se ofrecen.<\/p><\/div><\/div><table><tbody><tr><td><div class=\"layoutArea\"><div class=\"column\"><p>Editor<\/p><\/div><\/div><\/td><td><div class=\"layoutArea\"><div class=\"column\"><p>Pol\u00edtica de privacidad<\/p><\/div><\/div><\/td><\/tr><tr><td><div class=\"layoutArea\"><div class=\"column\"><p>Google Analytics<\/p><\/div><\/div><\/td><td><div class=\"layoutArea\"><div class=\"column\"><p>https:\/\/privacy.google.com\/take-control.html<\/p><\/div><\/div><\/td><\/tr><tr><td colspan=\"2\" rowspan=\"1\"><div class=\"layoutArea\"><div class=\"column\"><p>PANEL DE CONFIGURACI\u00d3N DE COOKIES<\/p><\/div><\/div><\/td><\/tr><\/tbody><\/table><div class=\"layoutArea\"><div class=\"column\"><p>Panel de cookies<\/p><\/div><\/div><table><tbody><tr><td colspan=\"2\" rowspan=\"1\"><div class=\"layoutArea\"><div class=\"column\"><p>C\u00d3MO GESTIONAR LAS COOKIES DESDE EL NAVEGADOR<\/p><\/div><\/div><\/td><\/tr><tr><td><div class=\"layoutArea\"><div class=\"column\"><p>Eliminar las cookies del dispositivo<\/p><\/div><\/div><\/td><td><div class=\"layoutArea\"><div class=\"column\"><p>Las cookies que ya est\u00e1n en un dispositivo se pueden eliminar borrando el historial del navegador, con lo<br \/>que se suprimen las cookies de todos los sitios web visitados.<br \/>Sin embargo, tambi\u00e9n se puede perder parte de la informaci\u00f3n guardada (por ejemplo, los datos de inicio de<br \/>sesi\u00f3n o las preferencias de sitio web).<\/p><\/div><\/div><\/td><\/tr><tr><td><div class=\"layoutArea\"><div class=\"column\"><p>Gestionar las cookies espec\u00edficas del sitio<\/p><\/div><\/div><\/td><td><div class=\"layoutArea\"><div class=\"column\"><p>Para tener un control m\u00e1s preciso de las cookies espec\u00edficas de cada sitio, los usuarios pueden ajustar su<br \/>configuraci\u00f3n de privacidad y cookies en el navegador.<\/p><\/div><\/div><\/td><\/tr><\/tbody><\/table><div class=\"layoutArea\"><div class=\"column\">\u00a0<\/div><div class=\"column\"><div class=\"page\" title=\"Page 4\"><table><tbody><tr><td colspan=\"2\" rowspan=\"1\"><div class=\"layoutArea\"><div class=\"column\"><p>Bloquear las cookies<\/p><\/div><\/div><\/td><td><div class=\"layoutArea\"><div class=\"column\"><p>Aunque la mayor\u00eda de los navegadores modernos se pueden configurar para evitar que se instalen cookies<br \/>en los dispositivos, eso puede obligar al ajuste manual de determinadas preferencias cada vez que se<br \/>visite un sitio o p\u00e1gina. Adem\u00e1s, algunos servicios y caracter\u00edsticas pueden no funcionar<br \/>correctamente (por ejemplo, los inicios de sesi\u00f3n con perfil).<\/p><\/div><\/div><\/td><\/tr><tr><td colspan=\"3\" rowspan=\"1\"><div class=\"layoutArea\"><div class=\"column\"><p>C\u00d3MO ELIMINAR LAS COOKIES DE LOS NAVEGADORES M\u00c1S COMUNES<\/p><\/div><\/div><\/td><\/tr><tr><td><div class=\"layoutArea\"><div class=\"column\"><p>Chrome<\/p><\/div><\/div><\/td><td colspan=\"2\" rowspan=\"1\"><div class=\"layoutArea\"><div class=\"column\"><p>http:\/\/support.google.com\/chrome\/answer\/95647?hl=es<\/p><\/div><\/div><\/td><\/tr><tr><td><div class=\"layoutArea\"><div class=\"column\"><p>Edge<\/p><\/div><\/div><\/td><td colspan=\"2\" rowspan=\"1\"><div class=\"layoutArea\"><div class=\"column\"><p>https:\/\/support.microsoft.com\/es-es\/microsoft-edge\/eliminar-las-cookies-en-microsoft-edge-63947406-40ac-c3b8-57b9-2a946a29ae09<\/p><\/div><\/div><\/td><\/tr><tr><td><div class=\"layoutArea\"><div class=\"column\"><p>Explorer<\/p><\/div><\/div><\/td><td colspan=\"2\" rowspan=\"1\"><div class=\"layoutArea\"><div class=\"column\"><p>https:\/\/support.microsoft.com\/es-es\/help\/278835\/how-to-delete-cookie-files-in-internet-explorer<\/p><\/div><\/div><\/td><\/tr><tr><td><div class=\"layoutArea\"><div class=\"column\"><p>Firefox<\/p><\/div><\/div><\/td><td colspan=\"2\" rowspan=\"1\"><div class=\"layoutArea\"><div class=\"column\"><p>https:\/\/www.mozilla.org\/es-ES\/privacy\/websites\/#cookies<\/p><\/div><\/div><\/td><\/tr><tr><td><div class=\"layoutArea\"><div class=\"column\"><p>Safari<\/p><\/div><\/div><\/td><td colspan=\"2\" rowspan=\"1\"><div class=\"layoutArea\"><div class=\"column\"><p>https:\/\/support.apple.com\/es-es\/guide\/safari\/sfri11471\/mac<\/p><\/div><\/div><\/td><\/tr><tr><td><div class=\"layoutArea\"><div class=\"column\"><p>Opera<\/p><\/div><\/div><\/td><td colspan=\"2\" rowspan=\"1\"><div class=\"layoutArea\"><div class=\"column\"><p>https:\/\/help.opera.com\/en\/latest\/security-and-privacy\/#clearBrowsingData<\/p><\/div><\/div><\/td><\/tr><\/tbody><\/table><\/div><\/div><\/div>\t\t\t\t\t\t\t\t<\/div>\n\t\t\t\t<\/div>\n\t\t\t\t\t<\/div>\n\t\t\t\t<\/div>\n\t\t\t\t<\/div>\n\t\t","protected":false},"excerpt":{"rendered":"<p>INFORMACI\u00d3N SOBRE COOKIES Conforme con la Ley 34\/2002, de 11 de julio, de servicios de la sociedad de la informaci\u00f3n y de comercio electr\u00f3nico(LSSI), en relaci\u00f3n con el Reglamento (UE) 2016\/679 del Parlamento Europeo y del Consejo, de 27 de abril de 2016,General de Protecci\u00f3n de Datos (GDPR) y la Ley Org\u00e1nica 3\/2018, de 5 [&hellip;]<\/p>\n","protected":false},"author":1,"featured_media":0,"parent":0,"menu_order":0,"comment_status":"closed","ping_status":"closed","template":"","meta":{"_acf_changed":false,"footnotes":""},"class_list":["post-688","page","type-page","status-publish","hentry"],"acf":[],"yoast_head":"<!-- This site is optimized with the Yoast SEO plugin v27.3 - https:\/\/yoast.com\/product\/yoast-seo-wordpress\/ -->\n<title>Pol\u00edtica de cookies - Torrents Defense Support<\/title>\n<meta name=\"robots\" content=\"noindex, follow\" \/>\n<meta property=\"og:locale\" content=\"en_US\" \/>\n<meta property=\"og:type\" content=\"article\" \/>\n<meta property=\"og:title\" content=\"Pol\u00edtica de cookies - Torrents Defense Support\" \/>\n<meta property=\"og:description\" content=\"INFORMACI\u00d3N SOBRE COOKIES Conforme con la Ley 34\/2002, de 11 de julio, de servicios de la sociedad de la informaci\u00f3n y de comercio electr\u00f3nico(LSSI), en relaci\u00f3n con el Reglamento (UE) 2016\/679 del Parlamento Europeo y del Consejo, de 27 de abril de 2016,General de Protecci\u00f3n de Datos (GDPR) y la Ley Org\u00e1nica 3\/2018, de 5 [&hellip;]\" \/>\n<meta property=\"og:url\" content=\"https:\/\/www.comercialtorrents.com\/en\/politica-de-cookies\/\" \/>\n<meta property=\"og:site_name\" content=\"Torrents Defense Support\" \/>\n<meta property=\"article:modified_time\" content=\"2025-01-15T15:31:21+00:00\" \/>\n<meta name=\"twitter:card\" content=\"summary_large_image\" \/>\n<meta name=\"twitter:label1\" content=\"Est. reading time\" \/>\n\t<meta name=\"twitter:data1\" content=\"6 minutes\" \/>\n<script type=\"application\/ld+json\" class=\"yoast-schema-graph\">{\"@context\":\"https:\\\/\\\/schema.org\",\"@graph\":[{\"@type\":\"WebPage\",\"@id\":\"https:\\\/\\\/www.comercialtorrents.com\\\/en\\\/politica-de-cookies\\\/\",\"url\":\"https:\\\/\\\/www.comercialtorrents.com\\\/en\\\/politica-de-cookies\\\/\",\"name\":\"Pol\u00edtica de cookies - Torrents Defense Support\",\"isPartOf\":{\"@id\":\"https:\\\/\\\/www.comercialtorrents.com\\\/en\\\/#website\"},\"datePublished\":\"2024-12-29T16:53:37+00:00\",\"dateModified\":\"2025-01-15T15:31:21+00:00\",\"breadcrumb\":{\"@id\":\"https:\\\/\\\/www.comercialtorrents.com\\\/en\\\/politica-de-cookies\\\/#breadcrumb\"},\"inLanguage\":\"en-US\",\"potentialAction\":[{\"@type\":\"ReadAction\",\"target\":[\"https:\\\/\\\/www.comercialtorrents.com\\\/en\\\/politica-de-cookies\\\/\"]}]},{\"@type\":\"BreadcrumbList\",\"@id\":\"https:\\\/\\\/www.comercialtorrents.com\\\/en\\\/politica-de-cookies\\\/#breadcrumb\",\"itemListElement\":[{\"@type\":\"ListItem\",\"position\":1,\"name\":\"Portada\",\"item\":\"https:\\\/\\\/www.comercialtorrents.com\\\/en\\\/\"},{\"@type\":\"ListItem\",\"position\":2,\"name\":\"Pol\u00edtica de cookies\"}]},{\"@type\":\"WebSite\",\"@id\":\"https:\\\/\\\/www.comercialtorrents.com\\\/en\\\/#website\",\"url\":\"https:\\\/\\\/www.comercialtorrents.com\\\/en\\\/\",\"name\":\"Torrents Defense Support\",\"description\":\"Dise\u00f1o, desarrollo y fabricaci\u00f3n de saquetes de tela para cargas de proyecci\u00f3n de artiller\u00eda\",\"publisher\":{\"@id\":\"https:\\\/\\\/www.comercialtorrents.com\\\/en\\\/#organization\"},\"potentialAction\":[{\"@type\":\"SearchAction\",\"target\":{\"@type\":\"EntryPoint\",\"urlTemplate\":\"https:\\\/\\\/www.comercialtorrents.com\\\/en\\\/?s={search_term_string}\"},\"query-input\":{\"@type\":\"PropertyValueSpecification\",\"valueRequired\":true,\"valueName\":\"search_term_string\"}}],\"inLanguage\":\"en-US\"},{\"@type\":\"Organization\",\"@id\":\"https:\\\/\\\/www.comercialtorrents.com\\\/en\\\/#organization\",\"name\":\"Torrents Defense Support\",\"url\":\"https:\\\/\\\/www.comercialtorrents.com\\\/en\\\/\",\"logo\":{\"@type\":\"ImageObject\",\"inLanguage\":\"en-US\",\"@id\":\"https:\\\/\\\/www.comercialtorrents.com\\\/en\\\/#\\\/schema\\\/logo\\\/image\\\/\",\"url\":\"https:\\\/\\\/www.comercialtorrents.com\\\/wp-content\\\/uploads\\\/2024\\\/12\\\/Logo-1.svg\",\"contentUrl\":\"https:\\\/\\\/www.comercialtorrents.com\\\/wp-content\\\/uploads\\\/2024\\\/12\\\/Logo-1.svg\",\"width\":481,\"height\":125,\"caption\":\"Torrents Defense Support\"},\"image\":{\"@id\":\"https:\\\/\\\/www.comercialtorrents.com\\\/en\\\/#\\\/schema\\\/logo\\\/image\\\/\"}}]}<\/script>\n<!-- \/ Yoast SEO plugin. -->","yoast_head_json":{"title":"Pol\u00edtica de cookies - Torrents Defense Support","robots":{"index":"noindex","follow":"follow"},"og_locale":"en_US","og_type":"article","og_title":"Pol\u00edtica de cookies - Torrents Defense Support","og_description":"INFORMACI\u00d3N SOBRE COOKIES Conforme con la Ley 34\/2002, de 11 de julio, de servicios de la sociedad de la informaci\u00f3n y de comercio electr\u00f3nico(LSSI), en relaci\u00f3n con el Reglamento (UE) 2016\/679 del Parlamento Europeo y del Consejo, de 27 de abril de 2016,General de Protecci\u00f3n de Datos (GDPR) y la Ley Org\u00e1nica 3\/2018, de 5 [&hellip;]","og_url":"https:\/\/www.comercialtorrents.com\/en\/politica-de-cookies\/","og_site_name":"Torrents Defense Support","article_modified_time":"2025-01-15T15:31:21+00:00","twitter_card":"summary_large_image","twitter_misc":{"Est. reading time":"6 minutes"},"schema":{"@context":"https:\/\/schema.org","@graph":[{"@type":"WebPage","@id":"https:\/\/www.comercialtorrents.com\/en\/politica-de-cookies\/","url":"https:\/\/www.comercialtorrents.com\/en\/politica-de-cookies\/","name":"Pol\u00edtica de cookies - Torrents Defense Support","isPartOf":{"@id":"https:\/\/www.comercialtorrents.com\/en\/#website"},"datePublished":"2024-12-29T16:53:37+00:00","dateModified":"2025-01-15T15:31:21+00:00","breadcrumb":{"@id":"https:\/\/www.comercialtorrents.com\/en\/politica-de-cookies\/#breadcrumb"},"inLanguage":"en-US","potentialAction":[{"@type":"ReadAction","target":["https:\/\/www.comercialtorrents.com\/en\/politica-de-cookies\/"]}]},{"@type":"BreadcrumbList","@id":"https:\/\/www.comercialtorrents.com\/en\/politica-de-cookies\/#breadcrumb","itemListElement":[{"@type":"ListItem","position":1,"name":"Portada","item":"https:\/\/www.comercialtorrents.com\/en\/"},{"@type":"ListItem","position":2,"name":"Pol\u00edtica de cookies"}]},{"@type":"WebSite","@id":"https:\/\/www.comercialtorrents.com\/en\/#website","url":"https:\/\/www.comercialtorrents.com\/en\/","name":"Torrents Defense Support","description":"Dise\u00f1o, desarrollo y fabricaci\u00f3n de saquetes de tela para cargas de proyecci\u00f3n de artiller\u00eda","publisher":{"@id":"https:\/\/www.comercialtorrents.com\/en\/#organization"},"potentialAction":[{"@type":"SearchAction","target":{"@type":"EntryPoint","urlTemplate":"https:\/\/www.comercialtorrents.com\/en\/?s={search_term_string}"},"query-input":{"@type":"PropertyValueSpecification","valueRequired":true,"valueName":"search_term_string"}}],"inLanguage":"en-US"},{"@type":"Organization","@id":"https:\/\/www.comercialtorrents.com\/en\/#organization","name":"Torrents Defense Support","url":"https:\/\/www.comercialtorrents.com\/en\/","logo":{"@type":"ImageObject","inLanguage":"en-US","@id":"https:\/\/www.comercialtorrents.com\/en\/#\/schema\/logo\/image\/","url":"https:\/\/www.comercialtorrents.com\/wp-content\/uploads\/2024\/12\/Logo-1.svg","contentUrl":"https:\/\/www.comercialtorrents.com\/wp-content\/uploads\/2024\/12\/Logo-1.svg","width":481,"height":125,"caption":"Torrents Defense Support"},"image":{"@id":"https:\/\/www.comercialtorrents.com\/en\/#\/schema\/logo\/image\/"}}]}},"_links":{"self":[{"href":"https:\/\/www.comercialtorrents.com\/en\/wp-json\/wp\/v2\/pages\/688","targetHints":{"allow":["GET"]}}],"collection":[{"href":"https:\/\/www.comercialtorrents.com\/en\/wp-json\/wp\/v2\/pages"}],"about":[{"href":"https:\/\/www.comercialtorrents.com\/en\/wp-json\/wp\/v2\/types\/page"}],"author":[{"embeddable":true,"href":"https:\/\/www.comercialtorrents.com\/en\/wp-json\/wp\/v2\/users\/1"}],"replies":[{"embeddable":true,"href":"https:\/\/www.comercialtorrents.com\/en\/wp-json\/wp\/v2\/comments?post=688"}],"version-history":[{"count":1,"href":"https:\/\/www.comercialtorrents.com\/en\/wp-json\/wp\/v2\/pages\/688\/revisions"}],"predecessor-version":[{"id":1008,"href":"https:\/\/www.comercialtorrents.com\/en\/wp-json\/wp\/v2\/pages\/688\/revisions\/1008"}],"wp:attachment":[{"href":"https:\/\/www.comercialtorrents.com\/en\/wp-json\/wp\/v2\/media?parent=688"}],"curies":[{"name":"wp","href":"https:\/\/api.w.org\/{rel}","templated":true}]}}