{"id":2796,"date":"2026-02-16T12:19:31","date_gmt":"2026-02-16T11:19:31","guid":{"rendered":"https:\/\/www.comercialtorrents.com\/quality\/"},"modified":"2026-02-23T10:45:31","modified_gmt":"2026-02-23T09:45:31","slug":"quality","status":"publish","type":"page","link":"https:\/\/www.comercialtorrents.com\/en\/quality\/","title":{"rendered":"Quality"},"content":{"rendered":"\t\t<div data-elementor-type=\"wp-page\" data-elementor-id=\"2796\" class=\"elementor elementor-2796 elementor-2778\" data-elementor-post-type=\"page\">\n\t\t\t\t<div class=\"elementor-element elementor-element-815ab59 e-con-full e-flex e-con e-parent\" data-id=\"815ab59\" data-element_type=\"container\" data-e-type=\"container\" data-settings=\"{&quot;background_background&quot;:&quot;classic&quot;}\">\n\t\t\t\t<\/div>\n\t\t<div class=\"elementor-element elementor-element-c3b0c6e e-con-full e-flex e-con e-parent\" data-id=\"c3b0c6e\" data-element_type=\"container\" data-e-type=\"container\" data-settings=\"{&quot;background_background&quot;:&quot;classic&quot;}\">\n\t\t<div class=\"elementor-element elementor-element-c9f14a9 e-con-full e-flex e-con e-child\" data-id=\"c9f14a9\" data-element_type=\"container\" data-e-type=\"container\">\n\t\t\t\t<div class=\"elementor-element elementor-element-e5bdc4a elementor-align-center elementor-widget elementor-widget-button\" data-id=\"e5bdc4a\" data-element_type=\"widget\" data-e-type=\"widget\" data-widget_type=\"button.default\">\n\t\t\t\t<div class=\"elementor-widget-container\">\n\t\t\t\t\t\t\t\t\t<div class=\"elementor-button-wrapper\">\n\t\t\t\t\t<a class=\"elementor-button elementor-button-link elementor-size-sm\" href=\"#\">\n\t\t\t\t\t\t<span class=\"elementor-button-content-wrapper\">\n\t\t\t\t\t\t\t\t\t<span class=\"elementor-button-text\">QUALITY POLICY<\/span>\n\t\t\t\t\t<\/span>\n\t\t\t\t\t<\/a>\n\t\t\t\t<\/div>\n\t\t\t\t\t\t\t\t<\/div>\n\t\t\t\t<\/div>\n\t\t\t\t<div class=\"elementor-element elementor-element-e835eb9 elementor-widget elementor-widget-text-editor\" data-id=\"e835eb9\" data-element_type=\"widget\" data-e-type=\"widget\" data-widget_type=\"text-editor.default\">\n\t\t\t\t<div class=\"elementor-widget-container\">\n\t\t\t\t\t\t\t\t\t<p>TORRENTS DEFENSE SUPPORT (hereinafter, TORRENTS) is a company made up of personnel with extensive and consolidated experience in the manufacture of fabric bags for projectile loads.<\/p>\t\t\t\t\t\t\t\t<\/div>\n\t\t\t\t<\/div>\n\t\t\t\t<div class=\"elementor-element elementor-element-489c44e elementor-widget elementor-widget-text-editor\" data-id=\"489c44e\" data-element_type=\"widget\" data-e-type=\"widget\" data-widget_type=\"text-editor.default\">\n\t\t\t\t<div class=\"elementor-widget-container\">\n\t\t\t\t\t\t\t\t\t<p>Our mission is to leverage our experience, knowledge, and resources to provide our customers with products that continuously meet their needs and expectations, while achieving an appropriate professional and human environment.<\/p><p> <\/p><p>Through this policy, TORRENTS establishes and undertakes the following principles:<\/p><ul><li style=\"list-style-type: none;\"><ul><li>We meet the requirements established by the legislation applicable to our sector, and other requirements derived from the needs and expectations of our customers and other stakeholders.<\/li><li>We ensure the continuous improvement of our Quality Management System based on the ISO 9001:2015 standard.<\/li><li>We are committed to ensuring that all our staff are trained and motivated to meet the needs of our customers, providing the continuous training required to remain a highly qualified team.<\/li><li>We will ensure that this policy is communicated and understood within the organization and that it is reviewed to ensure its continued adequacy to the context of the organization.<\/li><\/ul><\/li><\/ul><p>The Management of TORRENTS is committed to continuous improvement, establishing a framework for approving and reviewing annual quality objectives and periodically evaluating the Quality Management System in place, using tools such as performance indicators and internal audits.<\/p><p> <\/p><p>This policy is communicated to all our employees, suppliers, subcontractors, and customers and is available to the general public.<\/p><p> <\/p><p style=\"text-align: right;\">In Velez Rubio, on the November 17, 2025.<\/p><p style=\"text-align: right;\">The Management<\/p>\t\t\t\t\t\t\t\t<\/div>\n\t\t\t\t<\/div>\n\t\t\t\t<\/div>\n\t\t\t\t<\/div>\n\t\t<div class=\"elementor-element elementor-element-18bb385 e-flex e-con-boxed e-con e-parent\" data-id=\"18bb385\" data-element_type=\"container\" data-e-type=\"container\" data-settings=\"{&quot;background_background&quot;:&quot;classic&quot;}\">\n\t\t\t\t\t<div class=\"e-con-inner\">\n\t\t<div class=\"elementor-element elementor-element-a25a944 e-con-full e-flex e-con e-child\" data-id=\"a25a944\" data-element_type=\"container\" data-e-type=\"container\">\n\t\t\t\t<div class=\"elementor-element elementor-element-37ffe2d elementor-widget elementor-widget-heading\" data-id=\"37ffe2d\" data-element_type=\"widget\" data-e-type=\"widget\" data-widget_type=\"heading.default\">\n\t\t\t\t<div class=\"elementor-widget-container\">\n\t\t\t\t\t<h2 class=\"elementor-heading-title elementor-size-default\">CERTIFICATIONS AND CLASSIFICATIONS<\/h2>\t\t\t\t<\/div>\n\t\t\t\t<\/div>\n\t\t<div class=\"elementor-element elementor-element-2581f21 e-con-full e-flex e-con e-child\" data-id=\"2581f21\" data-element_type=\"container\" data-e-type=\"container\">\n\t\t\t\t<div class=\"elementor-element elementor-element-d3ddc5b elementor-widget elementor-widget-text-editor\" data-id=\"d3ddc5b\" data-element_type=\"widget\" data-e-type=\"widget\" data-widget_type=\"text-editor.default\">\n\t\t\t\t<div class=\"elementor-widget-container\">\n\t\t\t\t\t\t\t\t\t<p>Our products are developed in accordance with technical requirements in the field of defense, aligned with <strong style=\"font-size: 18px;\">NATO (STANAG)<\/strong> standards and customer specifications, ensuring reliability and industrial consistency.<\/p><ul><li>Company registered with <strong>NCAGE code 9BS0B<\/strong><span style=\"color: #e20e18;\"> in the <strong>NATO Codification System<\/strong>.<\/span><\/li><li>Company registered in the <strong>Defense Industry Companies Registry (RID)<\/strong><\/li><li>Company registered with the <strong>Directorate General of Armament and Material (DGAM)<\/strong> \u2013 Spanish Ministry of Defense.<\/li><\/ul>\t\t\t\t\t\t\t\t<\/div>\n\t\t\t\t<\/div>\n\t\t\t\t<\/div>\n\t\t\t\t<\/div>\n\t\t\t\t\t<\/div>\n\t\t\t\t<\/div>\n\t\t<div class=\"elementor-element elementor-element-58b60d3 e-flex e-con-boxed e-con e-parent\" data-id=\"58b60d3\" data-element_type=\"container\" data-e-type=\"container\" data-settings=\"{&quot;background_background&quot;:&quot;classic&quot;}\">\n\t\t\t\t\t<div class=\"e-con-inner\">\n\t\t<div class=\"elementor-element elementor-element-f1c5f4f e-con-full e-flex e-con e-child\" data-id=\"f1c5f4f\" data-element_type=\"container\" data-e-type=\"container\">\n\t\t\t\t<div class=\"elementor-element elementor-element-4a5e43c elementor-widget-divider--view-line elementor-widget elementor-widget-divider\" data-id=\"4a5e43c\" data-element_type=\"widget\" data-e-type=\"widget\" data-widget_type=\"divider.default\">\n\t\t\t\t<div class=\"elementor-widget-container\">\n\t\t\t\t\t\t\t<div class=\"elementor-divider\">\n\t\t\t<span class=\"elementor-divider-separator\">\n\t\t\t\t\t\t<\/span>\n\t\t<\/div>\n\t\t\t\t\t\t<\/div>\n\t\t\t\t<\/div>\n\t\t\t\t<div class=\"elementor-element elementor-element-7596dd9 elementor-widget elementor-widget-heading\" data-id=\"7596dd9\" data-element_type=\"widget\" data-e-type=\"widget\" data-widget_type=\"heading.default\">\n\t\t\t\t<div class=\"elementor-widget-container\">\n\t\t\t\t\t<h2 class=\"elementor-heading-title elementor-size-default\">REQUIREMENTS TO WORK WITH US<\/h2>\t\t\t\t<\/div>\n\t\t\t\t<\/div>\n\t\t<div class=\"elementor-element elementor-element-d0b64b8 e-con-full e-flex e-con e-child\" data-id=\"d0b64b8\" data-element_type=\"container\" data-e-type=\"container\">\n\t\t\t\t<div class=\"elementor-element elementor-element-cc43d1e elementor-widget elementor-widget-text-editor\" data-id=\"cc43d1e\" data-element_type=\"widget\" data-e-type=\"widget\" data-widget_type=\"text-editor.default\">\n\t\t\t\t<div class=\"elementor-widget-container\">\n\t\t\t\t\t\t\t\t\t<p><span style=\"color: #000000;\">Check out our <strong>supplier contract terms and conditions<\/strong> in this downloadable document. <\/span><\/p>\t\t\t\t\t\t\t\t<\/div>\n\t\t\t\t<\/div>\n\t\t\t\t<\/div>\n\t\t<div class=\"elementor-element elementor-element-817d6f8 e-con-full e-flex e-con e-child\" data-id=\"817d6f8\" data-element_type=\"container\" data-e-type=\"container\">\n\t\t<div class=\"elementor-element elementor-element-eb7841f e-con-full e-flex e-con e-child\" data-id=\"eb7841f\" data-element_type=\"container\" data-e-type=\"container\">\n\t\t<div class=\"elementor-element elementor-element-24e1451 e-con-full e-flex e-con e-child\" data-id=\"24e1451\" data-element_type=\"container\" data-e-type=\"container\">\n\t\t\t\t<div class=\"elementor-element elementor-element-66d2eed elementor-align-center elementor-mobile-align-justify elementor-widget elementor-widget-button\" data-id=\"66d2eed\" data-element_type=\"widget\" data-e-type=\"widget\" data-widget_type=\"button.default\">\n\t\t\t\t<div class=\"elementor-widget-container\">\n\t\t\t\t\t\t\t\t\t<div class=\"elementor-button-wrapper\">\n\t\t\t\t\t<a class=\"elementor-button elementor-button-link elementor-size-sm\" href=\"https:\/\/www.comercialtorrents.com\/wp-content\/uploads\/2026\/02\/P1.FP06-Clausulas-contratacion-proveedores_V1.pdf\" target=\"_blank\">\n\t\t\t\t\t\t<span class=\"elementor-button-content-wrapper\">\n\t\t\t\t\t\t\t\t\t<span class=\"elementor-button-text\">CONTRACT TERMS AND CONDITIONS FOR SUPPLIERS<\/span>\n\t\t\t\t\t<\/span>\n\t\t\t\t\t<\/a>\n\t\t\t\t<\/div>\n\t\t\t\t\t\t\t\t<\/div>\n\t\t\t\t<\/div>\n\t\t\t\t<\/div>\n\t\t\t\t<\/div>\n\t\t\t\t<\/div>\n\t\t\t\t<\/div>\n\t\t\t\t\t<\/div>\n\t\t\t\t<\/div>\n\t\t<div class=\"elementor-element elementor-element-723b032 e-flex e-con-boxed e-con e-parent\" data-id=\"723b032\" data-element_type=\"container\" data-e-type=\"container\" data-settings=\"{&quot;background_background&quot;:&quot;classic&quot;}\">\n\t\t\t\t\t<div class=\"e-con-inner\">\n\t\t<div class=\"elementor-element elementor-element-235182a e-con-full e-flex e-con e-child\" data-id=\"235182a\" data-element_type=\"container\" data-e-type=\"container\">\n\t\t\t\t<div class=\"elementor-element elementor-element-5eb6184 elementor-widget elementor-widget-text-editor\" data-id=\"5eb6184\" data-element_type=\"widget\" data-e-type=\"widget\" data-widget_type=\"text-editor.default\">\n\t\t\t\t<div class=\"elementor-widget-container\">\n\t\t\t\t\t\t\t\t\t<p><span style=\"color: #ffffff;\">\u00bfTienes alguna duda? Please contact us and we will help you solve it as soon as possible. <\/span><\/p>\t\t\t\t\t\t\t\t<\/div>\n\t\t\t\t<\/div>\n\t\t\t\t<\/div>\n\t\t\t\t<div class=\"elementor-element elementor-element-db389d6 elementor-align-center elementor-mobile-align-justify elementor-widget elementor-widget-button\" data-id=\"db389d6\" data-element_type=\"widget\" data-e-type=\"widget\" data-widget_type=\"button.default\">\n\t\t\t\t<div class=\"elementor-widget-container\">\n\t\t\t\t\t\t\t\t\t<div class=\"elementor-button-wrapper\">\n\t\t\t\t\t<a class=\"elementor-button elementor-button-link elementor-size-sm\" href=\"https:\/\/www.comercialtorrents.com\/en\/contacto\/\" target=\"_blank\">\n\t\t\t\t\t\t<span class=\"elementor-button-content-wrapper\">\n\t\t\t\t\t\t\t\t\t<span class=\"elementor-button-text\">WORK WITH TORRENTS DEFENSE SUPPORT<\/span>\n\t\t\t\t\t<\/span>\n\t\t\t\t\t<\/a>\n\t\t\t\t<\/div>\n\t\t\t\t\t\t\t\t<\/div>\n\t\t\t\t<\/div>\n\t\t\t\t\t<\/div>\n\t\t\t\t<\/div>\n\t\t\t\t<\/div>\n\t\t","protected":false},"excerpt":{"rendered":"<p>QUALITY POLICY TORRENTS DEFENSE SUPPORT (hereinafter, TORRENTS) is a company made up of personnel with extensive and consolidated experience in the manufacture of fabric bags for projectile loads. Our mission is to leverage our experience, knowledge, and resources to provide our customers with products that continuously meet their needs and expectations, while achieving an appropriate [&hellip;]<\/p>\n","protected":false},"author":1,"featured_media":0,"parent":0,"menu_order":0,"comment_status":"closed","ping_status":"closed","template":"","meta":{"_acf_changed":false,"footnotes":""},"class_list":["post-2796","page","type-page","status-publish","hentry"],"acf":[],"yoast_head":"<!-- This site is optimized with the Yoast SEO plugin v27.3 - https:\/\/yoast.com\/product\/yoast-seo-wordpress\/ -->\n<title>Quality policy of Torrents Defense Support - Torrents Defense Support<\/title>\n<meta name=\"description\" content=\"Committed to quality and continuous improvement in all our processes to ensure excellence.\" \/>\n<meta name=\"robots\" content=\"index, follow, max-snippet:-1, max-image-preview:large, max-video-preview:-1\" \/>\n<link rel=\"canonical\" href=\"https:\/\/www.comercialtorrents.com\/en\/quality\/\" \/>\n<meta property=\"og:locale\" content=\"en_US\" \/>\n<meta property=\"og:type\" content=\"article\" \/>\n<meta property=\"og:title\" content=\"Quality policy of Torrents Defense Support - Torrents Defense Support\" \/>\n<meta property=\"og:description\" content=\"Committed to quality and continuous improvement in all our processes to ensure excellence.\" \/>\n<meta property=\"og:url\" content=\"https:\/\/www.comercialtorrents.com\/en\/quality\/\" \/>\n<meta property=\"og:site_name\" content=\"Torrents Defense Support\" \/>\n<meta property=\"article:modified_time\" content=\"2026-02-23T09:45:31+00:00\" \/>\n<meta name=\"twitter:card\" content=\"summary_large_image\" \/>\n<meta name=\"twitter:label1\" content=\"Est. reading time\" \/>\n\t<meta name=\"twitter:data1\" content=\"2 minutes\" \/>\n<script type=\"application\/ld+json\" class=\"yoast-schema-graph\">{\"@context\":\"https:\\\/\\\/schema.org\",\"@graph\":[{\"@type\":\"WebPage\",\"@id\":\"https:\\\/\\\/www.comercialtorrents.com\\\/en\\\/quality\\\/\",\"url\":\"https:\\\/\\\/www.comercialtorrents.com\\\/en\\\/quality\\\/\",\"name\":\"Quality policy of Torrents Defense Support - Torrents Defense Support\",\"isPartOf\":{\"@id\":\"https:\\\/\\\/www.comercialtorrents.com\\\/en\\\/#website\"},\"datePublished\":\"2026-02-16T11:19:31+00:00\",\"dateModified\":\"2026-02-23T09:45:31+00:00\",\"description\":\"Committed to quality and continuous improvement in all our processes to ensure excellence.\",\"breadcrumb\":{\"@id\":\"https:\\\/\\\/www.comercialtorrents.com\\\/en\\\/quality\\\/#breadcrumb\"},\"inLanguage\":\"en-US\",\"potentialAction\":[{\"@type\":\"ReadAction\",\"target\":[\"https:\\\/\\\/www.comercialtorrents.com\\\/en\\\/quality\\\/\"]}]},{\"@type\":\"BreadcrumbList\",\"@id\":\"https:\\\/\\\/www.comercialtorrents.com\\\/en\\\/quality\\\/#breadcrumb\",\"itemListElement\":[{\"@type\":\"ListItem\",\"position\":1,\"name\":\"Portada\",\"item\":\"https:\\\/\\\/www.comercialtorrents.com\\\/en\\\/\"},{\"@type\":\"ListItem\",\"position\":2,\"name\":\"Quality\"}]},{\"@type\":\"WebSite\",\"@id\":\"https:\\\/\\\/www.comercialtorrents.com\\\/en\\\/#website\",\"url\":\"https:\\\/\\\/www.comercialtorrents.com\\\/en\\\/\",\"name\":\"Torrents Defense Support\",\"description\":\"Dise\u00f1o, desarrollo y fabricaci\u00f3n de saquetes de tela para cargas de proyecci\u00f3n de artiller\u00eda\",\"publisher\":{\"@id\":\"https:\\\/\\\/www.comercialtorrents.com\\\/en\\\/#organization\"},\"potentialAction\":[{\"@type\":\"SearchAction\",\"target\":{\"@type\":\"EntryPoint\",\"urlTemplate\":\"https:\\\/\\\/www.comercialtorrents.com\\\/en\\\/?s={search_term_string}\"},\"query-input\":{\"@type\":\"PropertyValueSpecification\",\"valueRequired\":true,\"valueName\":\"search_term_string\"}}],\"inLanguage\":\"en-US\"},{\"@type\":\"Organization\",\"@id\":\"https:\\\/\\\/www.comercialtorrents.com\\\/en\\\/#organization\",\"name\":\"Torrents Defense Support\",\"url\":\"https:\\\/\\\/www.comercialtorrents.com\\\/en\\\/\",\"logo\":{\"@type\":\"ImageObject\",\"inLanguage\":\"en-US\",\"@id\":\"https:\\\/\\\/www.comercialtorrents.com\\\/en\\\/#\\\/schema\\\/logo\\\/image\\\/\",\"url\":\"https:\\\/\\\/www.comercialtorrents.com\\\/wp-content\\\/uploads\\\/2024\\\/12\\\/Logo-1.svg\",\"contentUrl\":\"https:\\\/\\\/www.comercialtorrents.com\\\/wp-content\\\/uploads\\\/2024\\\/12\\\/Logo-1.svg\",\"width\":481,\"height\":125,\"caption\":\"Torrents Defense Support\"},\"image\":{\"@id\":\"https:\\\/\\\/www.comercialtorrents.com\\\/en\\\/#\\\/schema\\\/logo\\\/image\\\/\"}}]}<\/script>\n<!-- \/ Yoast SEO plugin. -->","yoast_head_json":{"title":"Quality policy of Torrents Defense Support - Torrents Defense Support","description":"Committed to quality and continuous improvement in all our processes to ensure excellence.","robots":{"index":"index","follow":"follow","max-snippet":"max-snippet:-1","max-image-preview":"max-image-preview:large","max-video-preview":"max-video-preview:-1"},"canonical":"https:\/\/www.comercialtorrents.com\/en\/quality\/","og_locale":"en_US","og_type":"article","og_title":"Quality policy of Torrents Defense Support - Torrents Defense Support","og_description":"Committed to quality and continuous improvement in all our processes to ensure excellence.","og_url":"https:\/\/www.comercialtorrents.com\/en\/quality\/","og_site_name":"Torrents Defense Support","article_modified_time":"2026-02-23T09:45:31+00:00","twitter_card":"summary_large_image","twitter_misc":{"Est. reading time":"2 minutes"},"schema":{"@context":"https:\/\/schema.org","@graph":[{"@type":"WebPage","@id":"https:\/\/www.comercialtorrents.com\/en\/quality\/","url":"https:\/\/www.comercialtorrents.com\/en\/quality\/","name":"Quality policy of Torrents Defense Support - Torrents Defense Support","isPartOf":{"@id":"https:\/\/www.comercialtorrents.com\/en\/#website"},"datePublished":"2026-02-16T11:19:31+00:00","dateModified":"2026-02-23T09:45:31+00:00","description":"Committed to quality and continuous improvement in all our processes to ensure excellence.","breadcrumb":{"@id":"https:\/\/www.comercialtorrents.com\/en\/quality\/#breadcrumb"},"inLanguage":"en-US","potentialAction":[{"@type":"ReadAction","target":["https:\/\/www.comercialtorrents.com\/en\/quality\/"]}]},{"@type":"BreadcrumbList","@id":"https:\/\/www.comercialtorrents.com\/en\/quality\/#breadcrumb","itemListElement":[{"@type":"ListItem","position":1,"name":"Portada","item":"https:\/\/www.comercialtorrents.com\/en\/"},{"@type":"ListItem","position":2,"name":"Quality"}]},{"@type":"WebSite","@id":"https:\/\/www.comercialtorrents.com\/en\/#website","url":"https:\/\/www.comercialtorrents.com\/en\/","name":"Torrents Defense Support","description":"Dise\u00f1o, desarrollo y fabricaci\u00f3n de saquetes de tela para cargas de proyecci\u00f3n de artiller\u00eda","publisher":{"@id":"https:\/\/www.comercialtorrents.com\/en\/#organization"},"potentialAction":[{"@type":"SearchAction","target":{"@type":"EntryPoint","urlTemplate":"https:\/\/www.comercialtorrents.com\/en\/?s={search_term_string}"},"query-input":{"@type":"PropertyValueSpecification","valueRequired":true,"valueName":"search_term_string"}}],"inLanguage":"en-US"},{"@type":"Organization","@id":"https:\/\/www.comercialtorrents.com\/en\/#organization","name":"Torrents Defense Support","url":"https:\/\/www.comercialtorrents.com\/en\/","logo":{"@type":"ImageObject","inLanguage":"en-US","@id":"https:\/\/www.comercialtorrents.com\/en\/#\/schema\/logo\/image\/","url":"https:\/\/www.comercialtorrents.com\/wp-content\/uploads\/2024\/12\/Logo-1.svg","contentUrl":"https:\/\/www.comercialtorrents.com\/wp-content\/uploads\/2024\/12\/Logo-1.svg","width":481,"height":125,"caption":"Torrents Defense Support"},"image":{"@id":"https:\/\/www.comercialtorrents.com\/en\/#\/schema\/logo\/image\/"}}]}},"_links":{"self":[{"href":"https:\/\/www.comercialtorrents.com\/en\/wp-json\/wp\/v2\/pages\/2796","targetHints":{"allow":["GET"]}}],"collection":[{"href":"https:\/\/www.comercialtorrents.com\/en\/wp-json\/wp\/v2\/pages"}],"about":[{"href":"https:\/\/www.comercialtorrents.com\/en\/wp-json\/wp\/v2\/types\/page"}],"author":[{"embeddable":true,"href":"https:\/\/www.comercialtorrents.com\/en\/wp-json\/wp\/v2\/users\/1"}],"replies":[{"embeddable":true,"href":"https:\/\/www.comercialtorrents.com\/en\/wp-json\/wp\/v2\/comments?post=2796"}],"version-history":[{"count":5,"href":"https:\/\/www.comercialtorrents.com\/en\/wp-json\/wp\/v2\/pages\/2796\/revisions"}],"predecessor-version":[{"id":2911,"href":"https:\/\/www.comercialtorrents.com\/en\/wp-json\/wp\/v2\/pages\/2796\/revisions\/2911"}],"wp:attachment":[{"href":"https:\/\/www.comercialtorrents.com\/en\/wp-json\/wp\/v2\/media?parent=2796"}],"curies":[{"name":"wp","href":"https:\/\/api.w.org\/{rel}","templated":true}]}}