{"id":1224,"date":"2025-06-24T11:43:51","date_gmt":"2025-06-24T09:43:51","guid":{"rendered":"https:\/\/www.comercialtorrents.com\/process\/"},"modified":"2026-03-17T11:23:22","modified_gmt":"2026-03-17T10:23:22","slug":"process","status":"publish","type":"page","link":"https:\/\/www.comercialtorrents.com\/en\/process\/","title":{"rendered":"Process"},"content":{"rendered":"\t\t<div data-elementor-type=\"wp-page\" data-elementor-id=\"1224\" class=\"elementor elementor-1224 elementor-1218\" data-elementor-post-type=\"page\">\n\t\t\t\t<div class=\"elementor-element elementor-element-5d93a8e e-con-full e-flex e-con e-parent\" data-id=\"5d93a8e\" data-element_type=\"container\" data-e-type=\"container\" data-settings=\"{&quot;background_background&quot;:&quot;classic&quot;}\">\n\t\t\t\t<\/div>\n\t\t<div class=\"elementor-element elementor-element-2517991 e-flex e-con-boxed e-con e-parent\" data-id=\"2517991\" data-element_type=\"container\" data-e-type=\"container\" data-settings=\"{&quot;background_background&quot;:&quot;classic&quot;}\">\n\t\t\t\t\t<div class=\"e-con-inner\">\n\t\t<div class=\"elementor-element elementor-element-7c1379d e-con-full e-flex e-con e-child\" data-id=\"7c1379d\" data-element_type=\"container\" data-e-type=\"container\">\n\t\t\t\t<div class=\"elementor-element elementor-element-7445065 elementor-widget-divider--view-line elementor-widget elementor-widget-divider\" data-id=\"7445065\" data-element_type=\"widget\" data-e-type=\"widget\" data-widget_type=\"divider.default\">\n\t\t\t\t<div class=\"elementor-widget-container\">\n\t\t\t\t\t\t\t<div class=\"elementor-divider\">\n\t\t\t<span class=\"elementor-divider-separator\">\n\t\t\t\t\t\t<\/span>\n\t\t<\/div>\n\t\t\t\t\t\t<\/div>\n\t\t\t\t<\/div>\n\t\t\t\t<div class=\"elementor-element elementor-element-3709f07 elementor-widget elementor-widget-heading\" data-id=\"3709f07\" data-element_type=\"widget\" data-e-type=\"widget\" data-widget_type=\"heading.default\">\n\t\t\t\t<div class=\"elementor-widget-container\">\n\t\t\t\t\t<h2 class=\"elementor-heading-title elementor-size-default\">OUR CLOTH BAG MANUFACTURING PROCESS<\/h2>\t\t\t\t<\/div>\n\t\t\t\t<\/div>\n\t\t\t\t<\/div>\n\t\t<div class=\"elementor-element elementor-element-97cacba e-con-full e-flex e-con e-child\" data-id=\"97cacba\" data-element_type=\"container\" data-e-type=\"container\">\n\t\t\t\t<div class=\"elementor-element elementor-element-5ee041f elementor-widget elementor-widget-text-editor\" data-id=\"5ee041f\" data-element_type=\"widget\" data-e-type=\"widget\" data-widget_type=\"text-editor.default\">\n\t\t\t\t<div class=\"elementor-widget-container\">\n\t\t\t\t\t\t\t\t\t<p><strong>We manufacture our bags using raw materials of the highest quality, working with national suppliers.<\/strong><\/p><p><strong>Our bags are delivered ready for propellant filling.<\/strong><\/p><p>\u00a0<\/p><p>Our <strong>quality system <\/strong>guarantees the <strong>excellence <\/strong>of the bags we create for propelling charges. This ensures a clear differentiation of our products in the artillery sector.<\/p><p>\u00a0<\/p><p>These operations require <strong>highly specialised human and material resources<\/strong>, as well as infrastructure that complies with applicable regulations. This ensures that the ammunition\u2014comprising the projectile and propelling charge\u2014meets the <strong>range <\/strong>and <strong>accuracy <\/strong>requirements demanded by modern field artillery systems.<\/p><p>\u00a0<\/p><p>In addition to cloth bags for use in artillery propelling charges, Torrents Defense Support is equipped to <strong>industrialise <\/strong>a wide range of textile articles. Thanks to our <strong>full control <\/strong>over the production process, we can quickly adapt to the specific needs and requirements of each customer, even industrialising new textile articles from prototypes.<\/p>\t\t\t\t\t\t\t\t<\/div>\n\t\t\t\t<\/div>\n\t\t\t\t<\/div>\n\t\t<div class=\"elementor-element elementor-element-691b654 e-con-full e-flex e-con e-child\" data-id=\"691b654\" data-element_type=\"container\" data-e-type=\"container\">\n\t\t<div class=\"elementor-element elementor-element-4dafe4f e-con-full e-flex e-con e-child\" data-id=\"4dafe4f\" data-element_type=\"container\" data-e-type=\"container\">\n\t\t\t\t<div class=\"elementor-element elementor-element-3447402 elementor-align-center elementor-widget elementor-widget-button\" data-id=\"3447402\" data-element_type=\"widget\" data-e-type=\"widget\" data-widget_type=\"button.default\">\n\t\t\t\t<div class=\"elementor-widget-container\">\n\t\t\t\t\t\t\t\t\t<div class=\"elementor-button-wrapper\">\n\t\t\t\t\t<a class=\"elementor-button elementor-button-link elementor-size-sm\" href=\"https:\/\/www.comercialtorrents.com\/en\/contacto\/\">\n\t\t\t\t\t\t<span class=\"elementor-button-content-wrapper\">\n\t\t\t\t\t\t\t\t\t<span class=\"elementor-button-text\">CONTACT TORRENTS DEFENSE SUPPORT<\/span>\n\t\t\t\t\t<\/span>\n\t\t\t\t\t<\/a>\n\t\t\t\t<\/div>\n\t\t\t\t\t\t\t\t<\/div>\n\t\t\t\t<\/div>\n\t\t\t\t<\/div>\n\t\t\t\t<\/div>\n\t\t\t\t\t<\/div>\n\t\t\t\t<\/div>\n\t\t<div class=\"elementor-element elementor-element-c34df02 e-flex e-con-boxed e-con e-parent\" data-id=\"c34df02\" data-element_type=\"container\" data-e-type=\"container\" data-settings=\"{&quot;background_background&quot;:&quot;classic&quot;}\">\n\t\t\t\t\t<div class=\"e-con-inner\">\n\t\t<div class=\"elementor-element elementor-element-5415e86 e-con-full e-flex e-con e-child\" data-id=\"5415e86\" data-element_type=\"container\" data-e-type=\"container\">\n\t\t<div class=\"elementor-element elementor-element-598e919 e-con-full e-flex e-con e-child\" data-id=\"598e919\" data-element_type=\"container\" data-e-type=\"container\">\n\t\t\t\t<div class=\"elementor-element elementor-element-9e85972 elementor-widget elementor-widget-image\" data-id=\"9e85972\" data-element_type=\"widget\" data-e-type=\"widget\" data-widget_type=\"image.default\">\n\t\t\t\t<div class=\"elementor-widget-container\">\n\t\t\t\t\t\t\t\t\t\t\t\t\t\t\t\t<a href=\"https:\/\/www.comercialtorrents.com\/wp-content\/uploads\/2025\/08\/1_-Proceso.png\" data-elementor-open-lightbox=\"yes\" data-elementor-lightbox-title=\"1_ Proceso\" data-e-action-hash=\"#elementor-action%3Aaction%3Dlightbox%26settings%3DeyJpZCI6MTMyNywidXJsIjoiaHR0cHM6XC9cL3d3dy5jb21lcmNpYWx0b3JyZW50cy5jb21cL3dwLWNvbnRlbnRcL3VwbG9hZHNcLzIwMjVcLzA4XC8xXy1Qcm9jZXNvLnBuZyJ9\">\n\t\t\t\t\t\t\t<img fetchpriority=\"high\" decoding=\"async\" width=\"512\" height=\"384\" src=\"https:\/\/www.comercialtorrents.com\/wp-content\/uploads\/2025\/08\/1_-Proceso.png\" class=\"attachment-large size-large wp-image-1327\" alt=\"\" \/>\t\t\t\t\t\t\t\t<\/a>\n\t\t\t\t\t\t\t\t\t\t\t\t\t\t\t<\/div>\n\t\t\t\t<\/div>\n\t\t\t\t<\/div>\n\t\t<div class=\"elementor-element elementor-element-396cfbf e-con-full e-flex e-con e-child\" data-id=\"396cfbf\" data-element_type=\"container\" data-e-type=\"container\">\n\t\t\t\t<div class=\"elementor-element elementor-element-f818deb elementor-widget elementor-widget-image\" data-id=\"f818deb\" data-element_type=\"widget\" data-e-type=\"widget\" data-widget_type=\"image.default\">\n\t\t\t\t<div class=\"elementor-widget-container\">\n\t\t\t\t\t\t\t\t\t\t\t\t\t\t\t\t<a href=\"https:\/\/www.comercialtorrents.com\/wp-content\/uploads\/2025\/08\/2_Proceso.png\" data-elementor-open-lightbox=\"yes\" data-elementor-lightbox-title=\"2_Proceso\" data-e-action-hash=\"#elementor-action%3Aaction%3Dlightbox%26settings%3DeyJpZCI6MTMyOSwidXJsIjoiaHR0cHM6XC9cL3d3dy5jb21lcmNpYWx0b3JyZW50cy5jb21cL3dwLWNvbnRlbnRcL3VwbG9hZHNcLzIwMjVcLzA4XC8yX1Byb2Nlc28ucG5nIn0%3D\">\n\t\t\t\t\t\t\t<img decoding=\"async\" width=\"512\" height=\"384\" src=\"https:\/\/www.comercialtorrents.com\/wp-content\/uploads\/2025\/08\/2_Proceso.png\" class=\"attachment-large size-large wp-image-1329\" alt=\"\" \/>\t\t\t\t\t\t\t\t<\/a>\n\t\t\t\t\t\t\t\t\t\t\t\t\t\t\t<\/div>\n\t\t\t\t<\/div>\n\t\t\t\t<\/div>\n\t\t<div class=\"elementor-element elementor-element-954790a e-con-full e-flex e-con e-child\" data-id=\"954790a\" data-element_type=\"container\" data-e-type=\"container\">\n\t\t\t\t<div class=\"elementor-element elementor-element-fc08992 elementor-widget elementor-widget-image\" data-id=\"fc08992\" data-element_type=\"widget\" data-e-type=\"widget\" data-widget_type=\"image.default\">\n\t\t\t\t<div class=\"elementor-widget-container\">\n\t\t\t\t\t\t\t\t\t\t\t\t\t\t\t\t<a href=\"https:\/\/www.comercialtorrents.com\/wp-content\/uploads\/2025\/08\/3_Proceso.png\" data-elementor-open-lightbox=\"yes\" data-elementor-lightbox-title=\"3_Proceso\" data-e-action-hash=\"#elementor-action%3Aaction%3Dlightbox%26settings%3DeyJpZCI6MTMzMSwidXJsIjoiaHR0cHM6XC9cL3d3dy5jb21lcmNpYWx0b3JyZW50cy5jb21cL3dwLWNvbnRlbnRcL3VwbG9hZHNcLzIwMjVcLzA4XC8zX1Byb2Nlc28ucG5nIn0%3D\">\n\t\t\t\t\t\t\t<img decoding=\"async\" width=\"512\" height=\"384\" src=\"https:\/\/www.comercialtorrents.com\/wp-content\/uploads\/2025\/08\/3_Proceso.png\" class=\"attachment-large size-large wp-image-1331\" alt=\"\" \/>\t\t\t\t\t\t\t\t<\/a>\n\t\t\t\t\t\t\t\t\t\t\t\t\t\t\t<\/div>\n\t\t\t\t<\/div>\n\t\t\t\t<\/div>\n\t\t\t\t<\/div>\n\t\t\t\t\t<\/div>\n\t\t\t\t<\/div>\n\t\t\t\t<\/div>\n\t\t","protected":false},"excerpt":{"rendered":"<p>OUR CLOTH BAG MANUFACTURING PROCESS We manufacture our bags using raw materials of the highest quality, working with national suppliers. Our bags are delivered ready for propellant filling. \u00a0 Our quality system guarantees the excellence of the bags we create for propelling charges. This ensures a clear differentiation of our products in the artillery sector. [&hellip;]<\/p>\n","protected":false},"author":1,"featured_media":0,"parent":0,"menu_order":0,"comment_status":"closed","ping_status":"closed","template":"","meta":{"_acf_changed":false,"footnotes":""},"class_list":["post-1224","page","type-page","status-publish","hentry"],"acf":[],"yoast_head":"<!-- This site is optimized with the Yoast SEO plugin v27.3 - https:\/\/yoast.com\/product\/yoast-seo-wordpress\/ -->\n<title>Process - Torrents Defense Support<\/title>\n<meta name=\"robots\" content=\"index, follow, max-snippet:-1, max-image-preview:large, max-video-preview:-1\" \/>\n<link rel=\"canonical\" href=\"https:\/\/www.comercialtorrents.com\/en\/process\/\" \/>\n<meta property=\"og:locale\" content=\"en_US\" \/>\n<meta property=\"og:type\" content=\"article\" \/>\n<meta property=\"og:title\" content=\"Process - Torrents Defense Support\" \/>\n<meta property=\"og:description\" content=\"OUR CLOTH BAG MANUFACTURING PROCESS We manufacture our bags using raw materials of the highest quality, working with national suppliers. Our bags are delivered ready for propellant filling. \u00a0 Our quality system guarantees the excellence of the bags we create for propelling charges. This ensures a clear differentiation of our products in the artillery sector. [&hellip;]\" \/>\n<meta property=\"og:url\" content=\"https:\/\/www.comercialtorrents.com\/en\/process\/\" \/>\n<meta property=\"og:site_name\" content=\"Torrents Defense Support\" \/>\n<meta property=\"article:modified_time\" content=\"2026-03-17T10:23:22+00:00\" \/>\n<meta property=\"og:image\" content=\"https:\/\/www.comercialtorrents.com\/wp-content\/uploads\/2025\/08\/1_-Proceso.png\" \/>\n\t<meta property=\"og:image:width\" content=\"512\" \/>\n\t<meta property=\"og:image:height\" content=\"384\" \/>\n\t<meta property=\"og:image:type\" content=\"image\/png\" \/>\n<meta name=\"twitter:card\" content=\"summary_large_image\" \/>\n<meta name=\"twitter:label1\" content=\"Est. reading time\" \/>\n\t<meta name=\"twitter:data1\" content=\"2 minutes\" \/>\n<script type=\"application\/ld+json\" class=\"yoast-schema-graph\">{\"@context\":\"https:\\\/\\\/schema.org\",\"@graph\":[{\"@type\":\"WebPage\",\"@id\":\"https:\\\/\\\/www.comercialtorrents.com\\\/en\\\/process\\\/\",\"url\":\"https:\\\/\\\/www.comercialtorrents.com\\\/en\\\/process\\\/\",\"name\":\"Process - Torrents Defense Support\",\"isPartOf\":{\"@id\":\"https:\\\/\\\/www.comercialtorrents.com\\\/en\\\/#website\"},\"primaryImageOfPage\":{\"@id\":\"https:\\\/\\\/www.comercialtorrents.com\\\/en\\\/process\\\/#primaryimage\"},\"image\":{\"@id\":\"https:\\\/\\\/www.comercialtorrents.com\\\/en\\\/process\\\/#primaryimage\"},\"thumbnailUrl\":\"https:\\\/\\\/www.comercialtorrents.com\\\/wp-content\\\/uploads\\\/2025\\\/08\\\/1_-Proceso.png\",\"datePublished\":\"2025-06-24T09:43:51+00:00\",\"dateModified\":\"2026-03-17T10:23:22+00:00\",\"breadcrumb\":{\"@id\":\"https:\\\/\\\/www.comercialtorrents.com\\\/en\\\/process\\\/#breadcrumb\"},\"inLanguage\":\"en-US\",\"potentialAction\":[{\"@type\":\"ReadAction\",\"target\":[\"https:\\\/\\\/www.comercialtorrents.com\\\/en\\\/process\\\/\"]}]},{\"@type\":\"ImageObject\",\"inLanguage\":\"en-US\",\"@id\":\"https:\\\/\\\/www.comercialtorrents.com\\\/en\\\/process\\\/#primaryimage\",\"url\":\"https:\\\/\\\/www.comercialtorrents.com\\\/wp-content\\\/uploads\\\/2025\\\/08\\\/1_-Proceso.png\",\"contentUrl\":\"https:\\\/\\\/www.comercialtorrents.com\\\/wp-content\\\/uploads\\\/2025\\\/08\\\/1_-Proceso.png\"},{\"@type\":\"BreadcrumbList\",\"@id\":\"https:\\\/\\\/www.comercialtorrents.com\\\/en\\\/process\\\/#breadcrumb\",\"itemListElement\":[{\"@type\":\"ListItem\",\"position\":1,\"name\":\"Portada\",\"item\":\"https:\\\/\\\/www.comercialtorrents.com\\\/en\\\/\"},{\"@type\":\"ListItem\",\"position\":2,\"name\":\"Process\"}]},{\"@type\":\"WebSite\",\"@id\":\"https:\\\/\\\/www.comercialtorrents.com\\\/en\\\/#website\",\"url\":\"https:\\\/\\\/www.comercialtorrents.com\\\/en\\\/\",\"name\":\"Torrents Defense Support\",\"description\":\"Dise\u00f1o, desarrollo y fabricaci\u00f3n de saquetes de tela para cargas de proyecci\u00f3n de artiller\u00eda\",\"publisher\":{\"@id\":\"https:\\\/\\\/www.comercialtorrents.com\\\/en\\\/#organization\"},\"potentialAction\":[{\"@type\":\"SearchAction\",\"target\":{\"@type\":\"EntryPoint\",\"urlTemplate\":\"https:\\\/\\\/www.comercialtorrents.com\\\/en\\\/?s={search_term_string}\"},\"query-input\":{\"@type\":\"PropertyValueSpecification\",\"valueRequired\":true,\"valueName\":\"search_term_string\"}}],\"inLanguage\":\"en-US\"},{\"@type\":\"Organization\",\"@id\":\"https:\\\/\\\/www.comercialtorrents.com\\\/en\\\/#organization\",\"name\":\"Torrents Defense Support\",\"url\":\"https:\\\/\\\/www.comercialtorrents.com\\\/en\\\/\",\"logo\":{\"@type\":\"ImageObject\",\"inLanguage\":\"en-US\",\"@id\":\"https:\\\/\\\/www.comercialtorrents.com\\\/en\\\/#\\\/schema\\\/logo\\\/image\\\/\",\"url\":\"https:\\\/\\\/www.comercialtorrents.com\\\/wp-content\\\/uploads\\\/2024\\\/12\\\/Logo-1.svg\",\"contentUrl\":\"https:\\\/\\\/www.comercialtorrents.com\\\/wp-content\\\/uploads\\\/2024\\\/12\\\/Logo-1.svg\",\"width\":481,\"height\":125,\"caption\":\"Torrents Defense Support\"},\"image\":{\"@id\":\"https:\\\/\\\/www.comercialtorrents.com\\\/en\\\/#\\\/schema\\\/logo\\\/image\\\/\"}}]}<\/script>\n<!-- \/ Yoast SEO plugin. -->","yoast_head_json":{"title":"Process - Torrents Defense Support","robots":{"index":"index","follow":"follow","max-snippet":"max-snippet:-1","max-image-preview":"max-image-preview:large","max-video-preview":"max-video-preview:-1"},"canonical":"https:\/\/www.comercialtorrents.com\/en\/process\/","og_locale":"en_US","og_type":"article","og_title":"Process - Torrents Defense Support","og_description":"OUR CLOTH BAG MANUFACTURING PROCESS We manufacture our bags using raw materials of the highest quality, working with national suppliers. Our bags are delivered ready for propellant filling. \u00a0 Our quality system guarantees the excellence of the bags we create for propelling charges. This ensures a clear differentiation of our products in the artillery sector. [&hellip;]","og_url":"https:\/\/www.comercialtorrents.com\/en\/process\/","og_site_name":"Torrents Defense Support","article_modified_time":"2026-03-17T10:23:22+00:00","og_image":[{"width":512,"height":384,"url":"https:\/\/www.comercialtorrents.com\/wp-content\/uploads\/2025\/08\/1_-Proceso.png","type":"image\/png"}],"twitter_card":"summary_large_image","twitter_misc":{"Est. reading time":"2 minutes"},"schema":{"@context":"https:\/\/schema.org","@graph":[{"@type":"WebPage","@id":"https:\/\/www.comercialtorrents.com\/en\/process\/","url":"https:\/\/www.comercialtorrents.com\/en\/process\/","name":"Process - Torrents Defense Support","isPartOf":{"@id":"https:\/\/www.comercialtorrents.com\/en\/#website"},"primaryImageOfPage":{"@id":"https:\/\/www.comercialtorrents.com\/en\/process\/#primaryimage"},"image":{"@id":"https:\/\/www.comercialtorrents.com\/en\/process\/#primaryimage"},"thumbnailUrl":"https:\/\/www.comercialtorrents.com\/wp-content\/uploads\/2025\/08\/1_-Proceso.png","datePublished":"2025-06-24T09:43:51+00:00","dateModified":"2026-03-17T10:23:22+00:00","breadcrumb":{"@id":"https:\/\/www.comercialtorrents.com\/en\/process\/#breadcrumb"},"inLanguage":"en-US","potentialAction":[{"@type":"ReadAction","target":["https:\/\/www.comercialtorrents.com\/en\/process\/"]}]},{"@type":"ImageObject","inLanguage":"en-US","@id":"https:\/\/www.comercialtorrents.com\/en\/process\/#primaryimage","url":"https:\/\/www.comercialtorrents.com\/wp-content\/uploads\/2025\/08\/1_-Proceso.png","contentUrl":"https:\/\/www.comercialtorrents.com\/wp-content\/uploads\/2025\/08\/1_-Proceso.png"},{"@type":"BreadcrumbList","@id":"https:\/\/www.comercialtorrents.com\/en\/process\/#breadcrumb","itemListElement":[{"@type":"ListItem","position":1,"name":"Portada","item":"https:\/\/www.comercialtorrents.com\/en\/"},{"@type":"ListItem","position":2,"name":"Process"}]},{"@type":"WebSite","@id":"https:\/\/www.comercialtorrents.com\/en\/#website","url":"https:\/\/www.comercialtorrents.com\/en\/","name":"Torrents Defense Support","description":"Dise\u00f1o, desarrollo y fabricaci\u00f3n de saquetes de tela para cargas de proyecci\u00f3n de artiller\u00eda","publisher":{"@id":"https:\/\/www.comercialtorrents.com\/en\/#organization"},"potentialAction":[{"@type":"SearchAction","target":{"@type":"EntryPoint","urlTemplate":"https:\/\/www.comercialtorrents.com\/en\/?s={search_term_string}"},"query-input":{"@type":"PropertyValueSpecification","valueRequired":true,"valueName":"search_term_string"}}],"inLanguage":"en-US"},{"@type":"Organization","@id":"https:\/\/www.comercialtorrents.com\/en\/#organization","name":"Torrents Defense Support","url":"https:\/\/www.comercialtorrents.com\/en\/","logo":{"@type":"ImageObject","inLanguage":"en-US","@id":"https:\/\/www.comercialtorrents.com\/en\/#\/schema\/logo\/image\/","url":"https:\/\/www.comercialtorrents.com\/wp-content\/uploads\/2024\/12\/Logo-1.svg","contentUrl":"https:\/\/www.comercialtorrents.com\/wp-content\/uploads\/2024\/12\/Logo-1.svg","width":481,"height":125,"caption":"Torrents Defense Support"},"image":{"@id":"https:\/\/www.comercialtorrents.com\/en\/#\/schema\/logo\/image\/"}}]}},"_links":{"self":[{"href":"https:\/\/www.comercialtorrents.com\/en\/wp-json\/wp\/v2\/pages\/1224","targetHints":{"allow":["GET"]}}],"collection":[{"href":"https:\/\/www.comercialtorrents.com\/en\/wp-json\/wp\/v2\/pages"}],"about":[{"href":"https:\/\/www.comercialtorrents.com\/en\/wp-json\/wp\/v2\/types\/page"}],"author":[{"embeddable":true,"href":"https:\/\/www.comercialtorrents.com\/en\/wp-json\/wp\/v2\/users\/1"}],"replies":[{"embeddable":true,"href":"https:\/\/www.comercialtorrents.com\/en\/wp-json\/wp\/v2\/comments?post=1224"}],"version-history":[{"count":11,"href":"https:\/\/www.comercialtorrents.com\/en\/wp-json\/wp\/v2\/pages\/1224\/revisions"}],"predecessor-version":[{"id":3014,"href":"https:\/\/www.comercialtorrents.com\/en\/wp-json\/wp\/v2\/pages\/1224\/revisions\/3014"}],"wp:attachment":[{"href":"https:\/\/www.comercialtorrents.com\/en\/wp-json\/wp\/v2\/media?parent=1224"}],"curies":[{"name":"wp","href":"https:\/\/api.w.org\/{rel}","templated":true}]}}